{"id":454,"date":"2024-02-09T16:36:43","date_gmt":"2024-02-09T15:36:43","guid":{"rendered":"https:\/\/janv11j.atelierssiteweb.com\/?page_id=454"},"modified":"2025-02-11T16:28:41","modified_gmt":"2025-02-11T15:28:41","slug":"virginie-bricaud-dentiste-batignolles-paris-8","status":"publish","type":"page","link":"https:\/\/cabinetclapeyron.fr\/?page_id=454","title":{"rendered":"Dr Virginie Bricaud Agrinier, chirurgien dentiste"},"content":{"rendered":"\t\t<div data-elementor-type=\"wp-page\" data-elementor-id=\"454\" class=\"elementor elementor-454\">\n\t\t\t\t\t\t<section class=\"elementor-section elementor-top-section elementor-element elementor-element-22ff6bdd elementor-section-boxed elementor-section-height-default elementor-section-height-default\" data-id=\"22ff6bdd\" data-element_type=\"section\" data-e-type=\"section\">\n\t\t\t\t\t\t<div class=\"elementor-container elementor-column-gap-default\">\n\t\t\t\t\t<div class=\"elementor-column elementor-col-100 elementor-top-column elementor-element elementor-element-7f040d62\" data-id=\"7f040d62\" data-element_type=\"column\" data-e-type=\"column\">\n\t\t\t<div class=\"elementor-widget-wrap elementor-element-populated\">\n\t\t\t\t\t\t<div class=\"elementor-element elementor-element-4e74eadc elementor-widget elementor-widget-text-editor\" data-id=\"4e74eadc\" data-element_type=\"widget\" data-e-type=\"widget\" data-widget_type=\"text-editor.default\">\n\t\t\t\t<div class=\"elementor-widget-container\">\n\t\t\t\t\t\t\t\t\t<p>Le docteur Virginie Bricaud Agrinier, vous acceuille sur <a href=\"https:\/\/www.doctolib.fr\/dentiste\/paris\/virginie-bricaud-agrinier\">RDV<\/a> en consultation au cabinet m\u00e9dical et dentaire Clapeyron, le lundi, mercredi, jeudi, vendredi <span style=\"text-decoration: underline;\">pour diff\u00e9rents motifs de consultations :\u00a0<\/span><\/p>\n<ul>\n<li>consultation dentaire\u00a0<\/li>\n<li>urgences\u00a0<\/li>\n<li>d\u00e9tartrage\u00a0<\/li>\n<li>taille et empreinte<\/li>\n<li>pose de proth\u00e8se dentaire\u00a0<\/li>\n<li>endodontie (l&rsquo;<a href=\"https:\/\/fr.wikipedia.org\/wiki\/Endodontie\">endodontie<\/a> concerne l&rsquo;int\u00e9rieur de la dent)\u00a0<\/li>\n<li>blanchiment dentaire\u00a0<\/li>\n<li>facettes esth\u00e9tiques\u00a0<\/li>\n<li><a href=\"https:\/\/www.invisalign.fr\/\">invisalign<\/a> (alignement des dents)<\/li>\n<\/ul>\n<p><span style=\"text-decoration: underline;\">Son parcours universitaire en quelques lignes :<\/span><\/p>\n<p>2024 &#8211; Practicienne Invisalign, aligners dentaires transparents<\/p>\n<p>2018 &#8211;\u00a0<span style=\"font-style: inherit; font-weight: inherit; color: var( --e-global-color-text ); font-family: var( --e-global-typography-text-font-family ), Sans-serif; background-color: var(--ast-global-color-5);\">D.U. Esth\u00e9tique du sourire &#8211; Universit\u00e9 de Strasbourg<\/span><\/p>\n<p><!-- \/wp:paragraph --><\/p>\n<p><!-- wp:paragraph --><\/p>\n<p>2010 &#8211;\u00a0<span style=\"font-style: inherit; font-weight: inherit; color: var( --e-global-color-text ); font-family: var( --e-global-typography-text-font-family ), Sans-serif; background-color: var(--ast-global-color-5);\">D.U. Pathologie de la muqueuse buccale &#8211; Facult\u00e9 de m\u00e9decine de Paris-Descartes<\/span><\/p>\n<p><!-- \/wp:paragraph --><\/p>\n<p><!-- wp:paragraph --><\/p>\n<p>1996 &#8211;\u00a0<span style=\"font-style: inherit; font-weight: inherit; color: var( --e-global-color-text ); font-family: var( --e-global-typography-text-font-family ), Sans-serif; background-color: var(--ast-global-color-5);\">Dipl\u00f4me d&rsquo;\u00c9tat de docteur en chirurgie dentaire &#8211; UFR d&rsquo;odontologie de Bordeaux<\/span><\/p>\n<p><!-- \/wp:paragraph --><\/p>\t\t\t\t\t\t\t\t<\/div>\n\t\t\t\t<\/div>\n\t\t\t\t\t<\/div>\n\t\t<\/div>\n\t\t\t\t\t<\/div>\n\t\t<\/section>\n\t\t\t\t<\/div>\n\t\t","protected":false},"excerpt":{"rendered":"<p>Le docteur Virginie Bricaud Agrinier, vous acceuille sur RDV en consultation au cabinet m\u00e9dical et dentaire Clapeyron, le lundi, mercredi, [&hellip;]<\/p>\n","protected":false},"author":2,"featured_media":0,"parent":0,"menu_order":0,"comment_status":"closed","ping_status":"closed","template":"","meta":{"site-sidebar-layout":"default","site-content-layout":"","ast-site-content-layout":"default","site-content-style":"default","site-sidebar-style":"default","ast-global-header-display":"","ast-banner-title-visibility":"","ast-main-header-display":"","ast-hfb-above-header-display":"","ast-hfb-below-header-display":"","ast-hfb-mobile-header-display":"","site-post-title":"","ast-breadcrumbs-content":"","ast-featured-img":"","footer-sml-layout":"","ast-disable-related-posts":"","theme-transparent-header-meta":"","adv-header-id-meta":"","stick-header-meta":"","header-above-stick-meta":"","header-main-stick-meta":"","header-below-stick-meta":"","astra-migrate-meta-layouts":"default","ast-page-background-enabled":"default","ast-page-background-meta":{"desktop":{"background-color":"var(--ast-global-color-4)","background-image":"","background-repeat":"repeat","background-position":"center center","background-size":"auto","background-attachment":"scroll","background-type":"","background-media":"","overlay-type":"","overlay-color":"","overlay-opacity":"","overlay-gradient":""},"tablet":{"background-color":"","background-image":"","background-repeat":"repeat","background-position":"center center","background-size":"auto","background-attachment":"scroll","background-type":"","background-media":"","overlay-type":"","overlay-color":"","overlay-opacity":"","overlay-gradient":""},"mobile":{"background-color":"","background-image":"","background-repeat":"repeat","background-position":"center center","background-size":"auto","background-attachment":"scroll","background-type":"","background-media":"","overlay-type":"","overlay-color":"","overlay-opacity":"","overlay-gradient":""}},"ast-content-background-meta":{"desktop":{"background-color":"var(--ast-global-color-5)","background-image":"","background-repeat":"repeat","background-position":"center center","background-size":"auto","background-attachment":"scroll","background-type":"","background-media":"","overlay-type":"","overlay-color":"","overlay-opacity":"","overlay-gradient":""},"tablet":{"background-color":"var(--ast-global-color-5)","background-image":"","background-repeat":"repeat","background-position":"center center","background-size":"auto","background-attachment":"scroll","background-type":"","background-media":"","overlay-type":"","overlay-color":"","overlay-opacity":"","overlay-gradient":""},"mobile":{"background-color":"var(--ast-global-color-5)","background-image":"","background-repeat":"repeat","background-position":"center center","background-size":"auto","background-attachment":"scroll","background-type":"","background-media":"","overlay-type":"","overlay-color":"","overlay-opacity":"","overlay-gradient":""}},"footnotes":""},"class_list":["post-454","page","type-page","status-publish","hentry"],"yoast_head":"<!-- This site is optimized with the Yoast SEO plugin v27.3 - https:\/\/yoast.com\/product\/yoast-seo-wordpress\/ -->\n<title>Dr Virginie Bricaud Agrinier, chirurgien dentiste - Cabinet m\u00e9dical et dentaire 25 rue clapeyron<\/title>\n<meta name=\"description\" content=\"Dr Virginie Bricaud vous re\u00e7oit dans le 8\u00e8me arrondissement pr\u00e8s du boulevard des Batignolles au sein du cabinet m\u00e9dical et dentaire Clapeyron\" \/>\n<meta name=\"robots\" content=\"index, follow, max-snippet:-1, max-image-preview:large, max-video-preview:-1\" \/>\n<link rel=\"canonical\" href=\"https:\/\/cabinetclapeyron.fr\/?page_id=454\" \/>\n<meta property=\"og:locale\" content=\"fr_FR\" \/>\n<meta property=\"og:type\" content=\"article\" \/>\n<meta property=\"og:title\" content=\"Dr Virginie Bricaud Agrinier, chirurgien dentiste - Cabinet m\u00e9dical et dentaire 25 rue clapeyron\" \/>\n<meta property=\"og:description\" content=\"Dr Virginie Bricaud vous re\u00e7oit dans le 8\u00e8me arrondissement pr\u00e8s du boulevard des Batignolles au sein du cabinet m\u00e9dical et dentaire Clapeyron\" \/>\n<meta property=\"og:url\" content=\"https:\/\/cabinetclapeyron.fr\/?page_id=454\" \/>\n<meta property=\"og:site_name\" content=\"Cabinet m\u00e9dical et dentaire 25 rue clapeyron\" \/>\n<meta property=\"article:modified_time\" content=\"2025-02-11T15:28:41+00:00\" \/>\n<meta name=\"twitter:card\" content=\"summary_large_image\" \/>\n<meta name=\"twitter:label1\" content=\"Dur\u00e9e de lecture estim\u00e9e\" \/>\n\t<meta name=\"twitter:data1\" content=\"1 minute\" \/>\n<script type=\"application\/ld+json\" class=\"yoast-schema-graph\">{\"@context\":\"https:\\\/\\\/schema.org\",\"@graph\":[{\"@type\":\"WebPage\",\"@id\":\"https:\\\/\\\/cabinetclapeyron.fr\\\/?page_id=454\",\"url\":\"https:\\\/\\\/cabinetclapeyron.fr\\\/?page_id=454\",\"name\":\"Dr Virginie Bricaud Agrinier, chirurgien dentiste - Cabinet m\u00e9dical et dentaire 25 rue clapeyron\",\"isPartOf\":{\"@id\":\"https:\\\/\\\/cabinetclapeyron.fr\\\/#website\"},\"datePublished\":\"2024-02-09T15:36:43+00:00\",\"dateModified\":\"2025-02-11T15:28:41+00:00\",\"description\":\"Dr Virginie Bricaud vous re\u00e7oit dans le 8\u00e8me arrondissement pr\u00e8s du boulevard des Batignolles au sein du cabinet m\u00e9dical et dentaire Clapeyron\",\"inLanguage\":\"fr-FR\",\"potentialAction\":[{\"@type\":\"ReadAction\",\"target\":[\"https:\\\/\\\/cabinetclapeyron.fr\\\/?page_id=454\"]}]},{\"@type\":\"WebSite\",\"@id\":\"https:\\\/\\\/cabinetclapeyron.fr\\\/#website\",\"url\":\"https:\\\/\\\/cabinetclapeyron.fr\\\/\",\"name\":\"Cabinet m\u00e9dical et dentaire 25 rue clapeyron\",\"description\":\"cabinet m\u00e9dical pluridisciplinaire pr\u00e8s des Batignolles\",\"publisher\":{\"@id\":\"https:\\\/\\\/cabinetclapeyron.fr\\\/#organization\"},\"potentialAction\":[{\"@type\":\"SearchAction\",\"target\":{\"@type\":\"EntryPoint\",\"urlTemplate\":\"https:\\\/\\\/cabinetclapeyron.fr\\\/?s={search_term_string}\"},\"query-input\":{\"@type\":\"PropertyValueSpecification\",\"valueRequired\":true,\"valueName\":\"search_term_string\"}}],\"inLanguage\":\"fr-FR\"},{\"@type\":\"Organization\",\"@id\":\"https:\\\/\\\/cabinetclapeyron.fr\\\/#organization\",\"name\":\"Cabinet m\u00e9dical et dentaire 25 rue clapeyron\",\"url\":\"https:\\\/\\\/cabinetclapeyron.fr\\\/\",\"logo\":{\"@type\":\"ImageObject\",\"inLanguage\":\"fr-FR\",\"@id\":\"https:\\\/\\\/cabinetclapeyron.fr\\\/#\\\/schema\\\/logo\\\/image\\\/\",\"url\":\"https:\\\/\\\/cabinetclapeyron.fr\\\/wp-content\\\/uploads\\\/2024\\\/02\\\/test-logo-3-OK.svg\",\"contentUrl\":\"https:\\\/\\\/cabinetclapeyron.fr\\\/wp-content\\\/uploads\\\/2024\\\/02\\\/test-logo-3-OK.svg\",\"width\":1084,\"height\":1084,\"caption\":\"Cabinet m\u00e9dical et dentaire 25 rue clapeyron\"},\"image\":{\"@id\":\"https:\\\/\\\/cabinetclapeyron.fr\\\/#\\\/schema\\\/logo\\\/image\\\/\"}}]}<\/script>\n<!-- \/ Yoast SEO plugin. -->","yoast_head_json":{"title":"Dr Virginie Bricaud Agrinier, chirurgien dentiste - Cabinet m\u00e9dical et dentaire 25 rue clapeyron","description":"Dr Virginie Bricaud vous re\u00e7oit dans le 8\u00e8me arrondissement pr\u00e8s du boulevard des Batignolles au sein du cabinet m\u00e9dical et dentaire Clapeyron","robots":{"index":"index","follow":"follow","max-snippet":"max-snippet:-1","max-image-preview":"max-image-preview:large","max-video-preview":"max-video-preview:-1"},"canonical":"https:\/\/cabinetclapeyron.fr\/?page_id=454","og_locale":"fr_FR","og_type":"article","og_title":"Dr Virginie Bricaud Agrinier, chirurgien dentiste - Cabinet m\u00e9dical et dentaire 25 rue clapeyron","og_description":"Dr Virginie Bricaud vous re\u00e7oit dans le 8\u00e8me arrondissement pr\u00e8s du boulevard des Batignolles au sein du cabinet m\u00e9dical et dentaire Clapeyron","og_url":"https:\/\/cabinetclapeyron.fr\/?page_id=454","og_site_name":"Cabinet m\u00e9dical et dentaire 25 rue clapeyron","article_modified_time":"2025-02-11T15:28:41+00:00","twitter_card":"summary_large_image","twitter_misc":{"Dur\u00e9e de lecture estim\u00e9e":"1 minute"},"schema":{"@context":"https:\/\/schema.org","@graph":[{"@type":"WebPage","@id":"https:\/\/cabinetclapeyron.fr\/?page_id=454","url":"https:\/\/cabinetclapeyron.fr\/?page_id=454","name":"Dr Virginie Bricaud Agrinier, chirurgien dentiste - Cabinet m\u00e9dical et dentaire 25 rue clapeyron","isPartOf":{"@id":"https:\/\/cabinetclapeyron.fr\/#website"},"datePublished":"2024-02-09T15:36:43+00:00","dateModified":"2025-02-11T15:28:41+00:00","description":"Dr Virginie Bricaud vous re\u00e7oit dans le 8\u00e8me arrondissement pr\u00e8s du boulevard des Batignolles au sein du cabinet m\u00e9dical et dentaire Clapeyron","inLanguage":"fr-FR","potentialAction":[{"@type":"ReadAction","target":["https:\/\/cabinetclapeyron.fr\/?page_id=454"]}]},{"@type":"WebSite","@id":"https:\/\/cabinetclapeyron.fr\/#website","url":"https:\/\/cabinetclapeyron.fr\/","name":"Cabinet m\u00e9dical et dentaire 25 rue clapeyron","description":"cabinet m\u00e9dical pluridisciplinaire pr\u00e8s des Batignolles","publisher":{"@id":"https:\/\/cabinetclapeyron.fr\/#organization"},"potentialAction":[{"@type":"SearchAction","target":{"@type":"EntryPoint","urlTemplate":"https:\/\/cabinetclapeyron.fr\/?s={search_term_string}"},"query-input":{"@type":"PropertyValueSpecification","valueRequired":true,"valueName":"search_term_string"}}],"inLanguage":"fr-FR"},{"@type":"Organization","@id":"https:\/\/cabinetclapeyron.fr\/#organization","name":"Cabinet m\u00e9dical et dentaire 25 rue clapeyron","url":"https:\/\/cabinetclapeyron.fr\/","logo":{"@type":"ImageObject","inLanguage":"fr-FR","@id":"https:\/\/cabinetclapeyron.fr\/#\/schema\/logo\/image\/","url":"https:\/\/cabinetclapeyron.fr\/wp-content\/uploads\/2024\/02\/test-logo-3-OK.svg","contentUrl":"https:\/\/cabinetclapeyron.fr\/wp-content\/uploads\/2024\/02\/test-logo-3-OK.svg","width":1084,"height":1084,"caption":"Cabinet m\u00e9dical et dentaire 25 rue clapeyron"},"image":{"@id":"https:\/\/cabinetclapeyron.fr\/#\/schema\/logo\/image\/"}}]}},"_links":{"self":[{"href":"https:\/\/cabinetclapeyron.fr\/index.php?rest_route=\/wp\/v2\/pages\/454","targetHints":{"allow":["GET"]}}],"collection":[{"href":"https:\/\/cabinetclapeyron.fr\/index.php?rest_route=\/wp\/v2\/pages"}],"about":[{"href":"https:\/\/cabinetclapeyron.fr\/index.php?rest_route=\/wp\/v2\/types\/page"}],"author":[{"embeddable":true,"href":"https:\/\/cabinetclapeyron.fr\/index.php?rest_route=\/wp\/v2\/users\/2"}],"replies":[{"embeddable":true,"href":"https:\/\/cabinetclapeyron.fr\/index.php?rest_route=%2Fwp%2Fv2%2Fcomments&post=454"}],"version-history":[{"count":33,"href":"https:\/\/cabinetclapeyron.fr\/index.php?rest_route=\/wp\/v2\/pages\/454\/revisions"}],"predecessor-version":[{"id":1390,"href":"https:\/\/cabinetclapeyron.fr\/index.php?rest_route=\/wp\/v2\/pages\/454\/revisions\/1390"}],"wp:attachment":[{"href":"https:\/\/cabinetclapeyron.fr\/index.php?rest_route=%2Fwp%2Fv2%2Fmedia&parent=454"}],"curies":[{"name":"wp","href":"https:\/\/api.w.org\/{rel}","templated":true}]}}