{"id":436,"date":"2024-02-08T18:39:41","date_gmt":"2024-02-08T17:39:41","guid":{"rendered":"https:\/\/janv11j.atelierssiteweb.com\/?page_id=436"},"modified":"2024-02-10T20:23:04","modified_gmt":"2024-02-10T19:23:04","slug":"osteopathie-pediatrique","status":"publish","type":"page","link":"https:\/\/cabinetclapeyron.fr\/?page_id=436","title":{"rendered":"Ost\u00e9opathie p\u00e9diatrique"},"content":{"rendered":"\n<p><br>Une consultation d&rsquo;ost\u00e9opathie p\u00e9diatrique est une s\u00e9ance sp\u00e9cialis\u00e9e visant \u00e0 \u00e9valuer et \u00e0 traiter les troubles musculo-squelettiques et fonctionnels chez les nourrissons tels qu&rsquo;un torticolis cong\u00e9nital, une plagioc\u00e9phalie. Conduite par un ost\u00e9opathe sp\u00e9cialis\u00e9 dans ce domaine, cette consultation se d\u00e9roule g\u00e9n\u00e9ralement en plusieurs \u00e9tapes.<\/p>\n\n\n\n<p>Tout d&rsquo;abord, l&rsquo;ost\u00e9opathe recueille des informations d\u00e9taill\u00e9es sur la grossesse de la maman puis la naissance de l&rsquo;enfant, ainsi que sur son d\u00e9veloppement. Cette phase comprend des discussions avec les parents pour comprendre les motifs de consultation et toute information pertinente concernant la sant\u00e9 de l&rsquo;enfant et son environnement et son rythme de vie. L&rsquo;ost\u00e9opathe va onc aborder la qualit\u00e9 du sommeil, le d\u00e9roulement de l&rsquo;allaitement. <\/p>\n\n\n\n<p>Ensuite, l&rsquo;ost\u00e9opathe proc\u00e8de \u00e0 un examen physique approfondi, en \u00e9valuant la posture, la mobilit\u00e9 articulaire et les tensions musculaires de l&rsquo;enfant. Cela peut impliquer des tests sp\u00e9cifiques pour identifier les d\u00e9s\u00e9quilibres ou les restrictions dans le corps de l&rsquo;enfant.<\/p>\n\n\n\n<p>Une fois l&rsquo;\u00e9valuation initiale termin\u00e9e, l&rsquo;ost\u00e9opathe utilise des techniques manuelles douces et adapt\u00e9es \u00e0 l&rsquo;\u00e2ge de l&rsquo;enfant pour corriger les d\u00e9s\u00e9quilibres d\u00e9tect\u00e9s. Ces techniques peuvent inclure des manipulations articulaires, des \u00e9tirements doux et d&rsquo;autres interventions visant \u00e0 restaurer l&rsquo;\u00e9quilibre et la fonction dans le corps de l&rsquo;enfant.<\/p>\n\n\n\n<p>Enfin, l&rsquo;ost\u00e9opathe peut fournir des conseils aux parents sur les soins \u00e0 domicile, y compris des exercices sp\u00e9cifiques ou des ajustements de l&rsquo;environnement pour favoriser le bien-\u00eatre de l&rsquo;enfant.<\/p>\n\n\n\n<p>Dans l&rsquo;ensemble, une consultation d&rsquo;ost\u00e9opathie p\u00e9diatrique vise \u00e0 soutenir le d\u00e9veloppement sain de l&rsquo;enfant en traitant les d\u00e9s\u00e9quilibres qui peuvent affecter sa mobilit\u00e9, son confort et son bien-\u00eatre g\u00e9n\u00e9ral.<\/p>\n\n\n\n<p>Il est conseill\u00e9 d&rsquo;apporter des jouets pour offrir au b\u00e9b\u00e9  un environnement le plus rassurant possible et de prendre rendez vous \u00e0 un horaire \u00f9 il est d&rsquo;ordinaire r\u00e9veill\u00e9.  <\/p>\n","protected":false},"excerpt":{"rendered":"<p>Une consultation d&rsquo;ost\u00e9opathie p\u00e9diatrique est une s\u00e9ance sp\u00e9cialis\u00e9e visant \u00e0 \u00e9valuer et \u00e0 traiter les troubles musculo-squelettiques et fonctionnels chez [&hellip;]<\/p>\n","protected":false},"author":2,"featured_media":0,"parent":0,"menu_order":0,"comment_status":"closed","ping_status":"closed","template":"","meta":{"site-sidebar-layout":"default","site-content-layout":"","ast-site-content-layout":"default","site-content-style":"default","site-sidebar-style":"default","ast-global-header-display":"","ast-banner-title-visibility":"","ast-main-header-display":"","ast-hfb-above-header-display":"","ast-hfb-below-header-display":"","ast-hfb-mobile-header-display":"","site-post-title":"","ast-breadcrumbs-content":"","ast-featured-img":"","footer-sml-layout":"","ast-disable-related-posts":"","theme-transparent-header-meta":"","adv-header-id-meta":"","stick-header-meta":"","header-above-stick-meta":"","header-main-stick-meta":"","header-below-stick-meta":"","astra-migrate-meta-layouts":"default","ast-page-background-enabled":"default","ast-page-background-meta":{"desktop":{"background-color":"var(--ast-global-color-4)","background-image":"","background-repeat":"repeat","background-position":"center center","background-size":"auto","background-attachment":"scroll","background-type":"","background-media":"","overlay-type":"","overlay-color":"","overlay-opacity":"","overlay-gradient":""},"tablet":{"background-color":"","background-image":"","background-repeat":"repeat","background-position":"center center","background-size":"auto","background-attachment":"scroll","background-type":"","background-media":"","overlay-type":"","overlay-color":"","overlay-opacity":"","overlay-gradient":""},"mobile":{"background-color":"","background-image":"","background-repeat":"repeat","background-position":"center center","background-size":"auto","background-attachment":"scroll","background-type":"","background-media":"","overlay-type":"","overlay-color":"","overlay-opacity":"","overlay-gradient":""}},"ast-content-background-meta":{"desktop":{"background-color":"var(--ast-global-color-5)","background-image":"","background-repeat":"repeat","background-position":"center center","background-size":"auto","background-attachment":"scroll","background-type":"","background-media":"","overlay-type":"","overlay-color":"","overlay-opacity":"","overlay-gradient":""},"tablet":{"background-color":"var(--ast-global-color-5)","background-image":"","background-repeat":"repeat","background-position":"center center","background-size":"auto","background-attachment":"scroll","background-type":"","background-media":"","overlay-type":"","overlay-color":"","overlay-opacity":"","overlay-gradient":""},"mobile":{"background-color":"var(--ast-global-color-5)","background-image":"","background-repeat":"repeat","background-position":"center center","background-size":"auto","background-attachment":"scroll","background-type":"","background-media":"","overlay-type":"","overlay-color":"","overlay-opacity":"","overlay-gradient":""}},"footnotes":""},"class_list":["post-436","page","type-page","status-publish","hentry"],"yoast_head":"<!-- This site is optimized with the Yoast SEO plugin v27.3 - https:\/\/yoast.com\/product\/yoast-seo-wordpress\/ -->\n<title>Ost\u00e9opathie p\u00e9diatrique - Cabinet m\u00e9dical et dentaire 25 rue clapeyron<\/title>\n<meta name=\"robots\" content=\"index, follow, max-snippet:-1, max-image-preview:large, max-video-preview:-1\" \/>\n<link rel=\"canonical\" href=\"https:\/\/cabinetclapeyron.fr\/?page_id=436\" \/>\n<meta property=\"og:locale\" content=\"fr_FR\" \/>\n<meta property=\"og:type\" content=\"article\" \/>\n<meta property=\"og:title\" content=\"Ost\u00e9opathie p\u00e9diatrique - Cabinet m\u00e9dical et dentaire 25 rue clapeyron\" \/>\n<meta property=\"og:description\" content=\"Une consultation d&rsquo;ost\u00e9opathie p\u00e9diatrique est une s\u00e9ance sp\u00e9cialis\u00e9e visant \u00e0 \u00e9valuer et \u00e0 traiter les troubles musculo-squelettiques et fonctionnels chez [&hellip;]\" \/>\n<meta property=\"og:url\" content=\"https:\/\/cabinetclapeyron.fr\/?page_id=436\" \/>\n<meta property=\"og:site_name\" content=\"Cabinet m\u00e9dical et dentaire 25 rue clapeyron\" \/>\n<meta property=\"article:modified_time\" content=\"2024-02-10T19:23:04+00:00\" \/>\n<meta name=\"twitter:card\" content=\"summary_large_image\" \/>\n<script type=\"application\/ld+json\" class=\"yoast-schema-graph\">{\"@context\":\"https:\\\/\\\/schema.org\",\"@graph\":[{\"@type\":\"WebPage\",\"@id\":\"https:\\\/\\\/cabinetclapeyron.fr\\\/?page_id=436\",\"url\":\"https:\\\/\\\/cabinetclapeyron.fr\\\/?page_id=436\",\"name\":\"Ost\u00e9opathie p\u00e9diatrique - Cabinet m\u00e9dical et dentaire 25 rue clapeyron\",\"isPartOf\":{\"@id\":\"https:\\\/\\\/cabinetclapeyron.fr\\\/#website\"},\"datePublished\":\"2024-02-08T17:39:41+00:00\",\"dateModified\":\"2024-02-10T19:23:04+00:00\",\"inLanguage\":\"fr-FR\",\"potentialAction\":[{\"@type\":\"ReadAction\",\"target\":[\"https:\\\/\\\/cabinetclapeyron.fr\\\/?page_id=436\"]}]},{\"@type\":\"WebSite\",\"@id\":\"https:\\\/\\\/cabinetclapeyron.fr\\\/#website\",\"url\":\"https:\\\/\\\/cabinetclapeyron.fr\\\/\",\"name\":\"Cabinet m\u00e9dical et dentaire 25 rue clapeyron\",\"description\":\"cabinet m\u00e9dical pluridisciplinaire pr\u00e8s des Batignolles\",\"publisher\":{\"@id\":\"https:\\\/\\\/cabinetclapeyron.fr\\\/#organization\"},\"potentialAction\":[{\"@type\":\"SearchAction\",\"target\":{\"@type\":\"EntryPoint\",\"urlTemplate\":\"https:\\\/\\\/cabinetclapeyron.fr\\\/?s={search_term_string}\"},\"query-input\":{\"@type\":\"PropertyValueSpecification\",\"valueRequired\":true,\"valueName\":\"search_term_string\"}}],\"inLanguage\":\"fr-FR\"},{\"@type\":\"Organization\",\"@id\":\"https:\\\/\\\/cabinetclapeyron.fr\\\/#organization\",\"name\":\"Cabinet m\u00e9dical et dentaire 25 rue clapeyron\",\"url\":\"https:\\\/\\\/cabinetclapeyron.fr\\\/\",\"logo\":{\"@type\":\"ImageObject\",\"inLanguage\":\"fr-FR\",\"@id\":\"https:\\\/\\\/cabinetclapeyron.fr\\\/#\\\/schema\\\/logo\\\/image\\\/\",\"url\":\"https:\\\/\\\/cabinetclapeyron.fr\\\/wp-content\\\/uploads\\\/2024\\\/02\\\/test-logo-3-OK.svg\",\"contentUrl\":\"https:\\\/\\\/cabinetclapeyron.fr\\\/wp-content\\\/uploads\\\/2024\\\/02\\\/test-logo-3-OK.svg\",\"width\":1084,\"height\":1084,\"caption\":\"Cabinet m\u00e9dical et dentaire 25 rue clapeyron\"},\"image\":{\"@id\":\"https:\\\/\\\/cabinetclapeyron.fr\\\/#\\\/schema\\\/logo\\\/image\\\/\"}}]}<\/script>\n<!-- \/ Yoast SEO plugin. -->","yoast_head_json":{"title":"Ost\u00e9opathie p\u00e9diatrique - Cabinet m\u00e9dical et dentaire 25 rue clapeyron","robots":{"index":"index","follow":"follow","max-snippet":"max-snippet:-1","max-image-preview":"max-image-preview:large","max-video-preview":"max-video-preview:-1"},"canonical":"https:\/\/cabinetclapeyron.fr\/?page_id=436","og_locale":"fr_FR","og_type":"article","og_title":"Ost\u00e9opathie p\u00e9diatrique - Cabinet m\u00e9dical et dentaire 25 rue clapeyron","og_description":"Une consultation d&rsquo;ost\u00e9opathie p\u00e9diatrique est une s\u00e9ance sp\u00e9cialis\u00e9e visant \u00e0 \u00e9valuer et \u00e0 traiter les troubles musculo-squelettiques et fonctionnels chez [&hellip;]","og_url":"https:\/\/cabinetclapeyron.fr\/?page_id=436","og_site_name":"Cabinet m\u00e9dical et dentaire 25 rue clapeyron","article_modified_time":"2024-02-10T19:23:04+00:00","twitter_card":"summary_large_image","schema":{"@context":"https:\/\/schema.org","@graph":[{"@type":"WebPage","@id":"https:\/\/cabinetclapeyron.fr\/?page_id=436","url":"https:\/\/cabinetclapeyron.fr\/?page_id=436","name":"Ost\u00e9opathie p\u00e9diatrique - Cabinet m\u00e9dical et dentaire 25 rue clapeyron","isPartOf":{"@id":"https:\/\/cabinetclapeyron.fr\/#website"},"datePublished":"2024-02-08T17:39:41+00:00","dateModified":"2024-02-10T19:23:04+00:00","inLanguage":"fr-FR","potentialAction":[{"@type":"ReadAction","target":["https:\/\/cabinetclapeyron.fr\/?page_id=436"]}]},{"@type":"WebSite","@id":"https:\/\/cabinetclapeyron.fr\/#website","url":"https:\/\/cabinetclapeyron.fr\/","name":"Cabinet m\u00e9dical et dentaire 25 rue clapeyron","description":"cabinet m\u00e9dical pluridisciplinaire pr\u00e8s des Batignolles","publisher":{"@id":"https:\/\/cabinetclapeyron.fr\/#organization"},"potentialAction":[{"@type":"SearchAction","target":{"@type":"EntryPoint","urlTemplate":"https:\/\/cabinetclapeyron.fr\/?s={search_term_string}"},"query-input":{"@type":"PropertyValueSpecification","valueRequired":true,"valueName":"search_term_string"}}],"inLanguage":"fr-FR"},{"@type":"Organization","@id":"https:\/\/cabinetclapeyron.fr\/#organization","name":"Cabinet m\u00e9dical et dentaire 25 rue clapeyron","url":"https:\/\/cabinetclapeyron.fr\/","logo":{"@type":"ImageObject","inLanguage":"fr-FR","@id":"https:\/\/cabinetclapeyron.fr\/#\/schema\/logo\/image\/","url":"https:\/\/cabinetclapeyron.fr\/wp-content\/uploads\/2024\/02\/test-logo-3-OK.svg","contentUrl":"https:\/\/cabinetclapeyron.fr\/wp-content\/uploads\/2024\/02\/test-logo-3-OK.svg","width":1084,"height":1084,"caption":"Cabinet m\u00e9dical et dentaire 25 rue clapeyron"},"image":{"@id":"https:\/\/cabinetclapeyron.fr\/#\/schema\/logo\/image\/"}}]}},"_links":{"self":[{"href":"https:\/\/cabinetclapeyron.fr\/index.php?rest_route=\/wp\/v2\/pages\/436","targetHints":{"allow":["GET"]}}],"collection":[{"href":"https:\/\/cabinetclapeyron.fr\/index.php?rest_route=\/wp\/v2\/pages"}],"about":[{"href":"https:\/\/cabinetclapeyron.fr\/index.php?rest_route=\/wp\/v2\/types\/page"}],"author":[{"embeddable":true,"href":"https:\/\/cabinetclapeyron.fr\/index.php?rest_route=\/wp\/v2\/users\/2"}],"replies":[{"embeddable":true,"href":"https:\/\/cabinetclapeyron.fr\/index.php?rest_route=%2Fwp%2Fv2%2Fcomments&post=436"}],"version-history":[{"count":7,"href":"https:\/\/cabinetclapeyron.fr\/index.php?rest_route=\/wp\/v2\/pages\/436\/revisions"}],"predecessor-version":[{"id":576,"href":"https:\/\/cabinetclapeyron.fr\/index.php?rest_route=\/wp\/v2\/pages\/436\/revisions\/576"}],"wp:attachment":[{"href":"https:\/\/cabinetclapeyron.fr\/index.php?rest_route=%2Fwp%2Fv2%2Fmedia&parent=436"}],"curies":[{"name":"wp","href":"https:\/\/api.w.org\/{rel}","templated":true}]}}