{"id":41,"date":"2024-01-29T17:29:14","date_gmt":"2024-01-29T16:29:14","guid":{"rendered":"https:\/\/janv11j.atelierssiteweb.com\/?page_id=41"},"modified":"2026-03-27T17:58:30","modified_gmt":"2026-03-27T16:58:30","slug":"informations-pratiques-cabinet-medical-clapeyron","status":"publish","type":"page","link":"https:\/\/cabinetclapeyron.fr\/?page_id=41","title":{"rendered":"Informations pratiques"},"content":{"rendered":"\t\t<div data-elementor-type=\"wp-page\" data-elementor-id=\"41\" class=\"elementor elementor-41\">\n\t\t\t\t\t\t<section class=\"elementor-section elementor-top-section elementor-element elementor-element-c0517ee elementor-section-boxed elementor-section-height-default elementor-section-height-default\" data-id=\"c0517ee\" data-element_type=\"section\" data-e-type=\"section\">\n\t\t\t\t\t\t<div class=\"elementor-container elementor-column-gap-default\">\n\t\t\t\t\t<div class=\"elementor-column elementor-col-100 elementor-top-column elementor-element elementor-element-616381c\" data-id=\"616381c\" data-element_type=\"column\" data-e-type=\"column\">\n\t\t\t<div class=\"elementor-widget-wrap elementor-element-populated\">\n\t\t\t\t\t\t<div class=\"elementor-element elementor-element-dfecc96 elementor-widget elementor-widget-google_maps\" data-id=\"dfecc96\" data-element_type=\"widget\" data-e-type=\"widget\" data-widget_type=\"google_maps.default\">\n\t\t\t\t<div class=\"elementor-widget-container\">\n\t\t\t\t\t\t\t<div class=\"elementor-custom-embed\">\n\t\t\t<iframe loading=\"lazy\"\n\t\t\t\t\tsrc=\"https:\/\/maps.google.com\/maps?q=25%20rue%20clapeyron%2C%20Paris%2075008&#038;t=m&#038;z=10&#038;output=embed&#038;iwloc=near\"\n\t\t\t\t\ttitle=\"25 rue clapeyron, Paris 75008\"\n\t\t\t\t\taria-label=\"25 rue clapeyron, Paris 75008\"\n\t\t\t><\/iframe>\n\t\t<\/div>\n\t\t\t\t\t\t<\/div>\n\t\t\t\t<\/div>\n\t\t\t\t\t<\/div>\n\t\t<\/div>\n\t\t\t\t\t<\/div>\n\t\t<\/section>\n\t\t\t\t<section class=\"elementor-section elementor-top-section elementor-element elementor-element-dca34df elementor-section-boxed elementor-section-height-default elementor-section-height-default\" data-id=\"dca34df\" data-element_type=\"section\" data-e-type=\"section\">\n\t\t\t\t\t\t<div class=\"elementor-container elementor-column-gap-default\">\n\t\t\t\t\t<div class=\"elementor-column elementor-col-100 elementor-top-column elementor-element elementor-element-755ad45\" data-id=\"755ad45\" data-element_type=\"column\" data-e-type=\"column\">\n\t\t\t<div class=\"elementor-widget-wrap elementor-element-populated\">\n\t\t\t\t\t\t<div class=\"elementor-element elementor-element-315f1b3 elementor-widget elementor-widget-text-editor\" data-id=\"315f1b3\" data-element_type=\"widget\" data-e-type=\"widget\" data-widget_type=\"text-editor.default\">\n\t\t\t\t<div class=\"elementor-widget-container\">\n\t\t\t\t\t\t\t\t\t<p><span style=\"text-decoration: underline;\"><strong>C<\/strong><\/span><b><u>ABINET<\/u><\/b> <b><u>MEDICAL ET DENTAIRE<\/u><\/b><\/p>\n<p><span style=\"font-style: inherit; font-weight: inherit; color: var( --e-global-color-text ); font-family: var( --e-global-typography-text-font-family ), Sans-serif; background-color: var(--ast-global-color-5);\">2<\/span><span style=\"font-style: inherit; font-weight: inherit; color: var( --e-global-color-text ); font-family: var( --e-global-typography-text-font-family ), Sans-serif; background-color: var(--ast-global-color-5);\">5 rue Clapeyron, Paris 75008. Entrez le digicode communiqu\u00e9 puis une fois entr\u00e9, selectionnez \u00ab\u00a0cabinet m\u00e9dical\u00a0\u00bb dans le menu d\u00e9roulant de l&rsquo;interphone \u00e0 l&rsquo;aide des fl\u00e8ches et appuyez sur le bouton en dessous de la cloche.&nbsp;<\/span><\/p>\n<p><span style=\"font-style: inherit; font-weight: inherit; color: var( --e-global-color-text ); font-family: var( --e-global-typography-text-font-family ), Sans-serif; background-color: var(--ast-global-color-5);\">B\u00e2timent A (premier b\u00e2timent \u00e0 droite apr\u00e8s l&rsquo;entr\u00e9e. Ascenseur.&nbsp;<\/span><span style=\"background-color: var(--ast-global-color-5); color: var( --e-global-color-text ); font-family: var( --e-global-typography-text-font-family ), Sans-serif; font-style: inherit; font-weight: inherit;\">Troisi\u00e8me \u00e9tage, droite. Tournez la poign\u00e9e.&nbsp;<\/span><\/p>\n<p><span style=\"background-color: var(--ast-global-color-5); color: var( --e-global-color-text ); font-family: var( --e-global-typography-text-font-family ), Sans-serif; font-style: inherit; font-weight: inherit;\">Le cabinet dispose d&rsquo;un ascenseur et de toilettes.&nbsp;<\/span><\/p>\t\t\t\t\t\t\t\t<\/div>\n\t\t\t\t<\/div>\n\t\t\t\t\t<\/div>\n\t\t<\/div>\n\t\t\t\t\t<\/div>\n\t\t<\/section>\n\t\t\t\t<section class=\"elementor-section elementor-top-section elementor-element elementor-element-384a5fa elementor-section-boxed elementor-section-height-default elementor-section-height-default\" data-id=\"384a5fa\" data-element_type=\"section\" data-e-type=\"section\">\n\t\t\t\t\t\t<div class=\"elementor-container elementor-column-gap-default\">\n\t\t\t\t\t<div class=\"elementor-column elementor-col-33 elementor-top-column elementor-element elementor-element-cba2658\" data-id=\"cba2658\" data-element_type=\"column\" data-e-type=\"column\">\n\t\t\t<div class=\"elementor-widget-wrap elementor-element-populated\">\n\t\t\t\t\t\t<div class=\"elementor-element elementor-element-220e01f elementor-widget__width-initial elementor-widget elementor-widget-text-editor\" data-id=\"220e01f\" data-element_type=\"widget\" data-e-type=\"widget\" data-widget_type=\"text-editor.default\">\n\t\t\t\t<div class=\"elementor-widget-container\">\n\t\t\t\t\t\t\t\t\t<p style=\"font-size: 16px; font-style: normal; font-weight: 400;\"><strong><span style=\"font-style: inherit; color: var( --e-global-color-text ); font-family: var( --e-global-typography-text-font-family ), Sans-serif; background-color: var(--ast-global-color-5);\">Transports publics :\u00a0\u00a0<\/span><\/strong><\/p><p style=\"font-size: 16px; font-style: normal; font-weight: 400;\"><span style=\"font-style: inherit; font-weight: inherit; color: var( --e-global-color-text ); font-family: var( --e-global-typography-text-font-family ), Sans-serif; background-color: var(--ast-global-color-5);\"><span style=\"text-decoration: underline;\">Rome<\/span> : ligne 2\u00a0<\/span><\/p><p style=\"font-size: 16px; font-style: normal; font-weight: 400;\"><span style=\"text-decoration: underline;\">Place de clichy ou Li\u00e8ge<\/span> : ligne 13<\/p><p style=\"font-size: 16px; font-style: normal; font-weight: 400;\"><span style=\"text-decoration: underline;\">Europe<\/span> : ligne 3\u00a0<\/p><p style=\"font-size: 16px; font-style: normal; font-weight: 400;\"><span style=\"text-decoration: underline;\">Gare saint Lazare \u00e0 600<\/span> m\u00e8tres (8minutes \u00e0 pied) : m\u00e9tro : ligne 14, 13, 9, 3, RER E,\u00a0 ligne J et L\u00a0<\/p>\t\t\t\t\t\t\t\t<\/div>\n\t\t\t\t<\/div>\n\t\t\t\t\t<\/div>\n\t\t<\/div>\n\t\t\t\t<div class=\"elementor-column elementor-col-33 elementor-top-column elementor-element elementor-element-1072f42\" data-id=\"1072f42\" data-element_type=\"column\" data-e-type=\"column\">\n\t\t\t<div class=\"elementor-widget-wrap elementor-element-populated\">\n\t\t\t\t\t\t\t<\/div>\n\t\t<\/div>\n\t\t\t\t<div class=\"elementor-column elementor-col-33 elementor-top-column elementor-element elementor-element-4a74d5f\" data-id=\"4a74d5f\" data-element_type=\"column\" data-e-type=\"column\">\n\t\t\t<div class=\"elementor-widget-wrap\">\n\t\t\t\t\t\t\t<\/div>\n\t\t<\/div>\n\t\t\t\t\t<\/div>\n\t\t<\/section>\n\t\t\t\t<\/div>\n\t\t","protected":false},"excerpt":{"rendered":"<p>CABINET MEDICAL ET DENTAIRE 25 rue Clapeyron, Paris 75008. Entrez le digicode communiqu\u00e9 puis une fois entr\u00e9, selectionnez \u00ab\u00a0cabinet m\u00e9dical\u00a0\u00bb [&hellip;]<\/p>\n","protected":false},"author":2,"featured_media":0,"parent":0,"menu_order":0,"comment_status":"closed","ping_status":"closed","template":"","meta":{"site-sidebar-layout":"no-sidebar","site-content-layout":"","ast-site-content-layout":"full-width-container","site-content-style":"default","site-sidebar-style":"default","ast-global-header-display":"","ast-banner-title-visibility":"","ast-main-header-display":"","ast-hfb-above-header-display":"","ast-hfb-below-header-display":"","ast-hfb-mobile-header-display":"","site-post-title":"disabled","ast-breadcrumbs-content":"","ast-featured-img":"disabled","footer-sml-layout":"","ast-disable-related-posts":"","theme-transparent-header-meta":"","adv-header-id-meta":"","stick-header-meta":"","header-above-stick-meta":"","header-main-stick-meta":"","header-below-stick-meta":"","astra-migrate-meta-layouts":"default","ast-page-background-enabled":"default","ast-page-background-meta":{"desktop":{"background-color":"var(--ast-global-color-4)","background-image":"","background-repeat":"repeat","background-position":"center center","background-size":"auto","background-attachment":"scroll","background-type":"","background-media":"","overlay-type":"","overlay-color":"","overlay-opacity":"","overlay-gradient":""},"tablet":{"background-color":"","background-image":"","background-repeat":"repeat","background-position":"center center","background-size":"auto","background-attachment":"scroll","background-type":"","background-media":"","overlay-type":"","overlay-color":"","overlay-opacity":"","overlay-gradient":""},"mobile":{"background-color":"","background-image":"","background-repeat":"repeat","background-position":"center center","background-size":"auto","background-attachment":"scroll","background-type":"","background-media":"","overlay-type":"","overlay-color":"","overlay-opacity":"","overlay-gradient":""}},"ast-content-background-meta":{"desktop":{"background-color":"var(--ast-global-color-5)","background-image":"","background-repeat":"repeat","background-position":"center center","background-size":"auto","background-attachment":"scroll","background-type":"","background-media":"","overlay-type":"","overlay-color":"","overlay-opacity":"","overlay-gradient":""},"tablet":{"background-color":"var(--ast-global-color-5)","background-image":"","background-repeat":"repeat","background-position":"center center","background-size":"auto","background-attachment":"scroll","background-type":"","background-media":"","overlay-type":"","overlay-color":"","overlay-opacity":"","overlay-gradient":""},"mobile":{"background-color":"var(--ast-global-color-5)","background-image":"","background-repeat":"repeat","background-position":"center center","background-size":"auto","background-attachment":"scroll","background-type":"","background-media":"","overlay-type":"","overlay-color":"","overlay-opacity":"","overlay-gradient":""}},"footnotes":""},"class_list":["post-41","page","type-page","status-publish","hentry"],"yoast_head":"<!-- This site is optimized with the Yoast SEO plugin v27.3 - https:\/\/yoast.com\/product\/yoast-seo-wordpress\/ -->\n<title>Informations pratiques - Cabinet m\u00e9dical et dentaire 25 rue clapeyron<\/title>\n<meta name=\"description\" content=\"O\u00f9 trouver le cabinet m\u00e9dical et dentaire Clapeyron? 25 rue Clapeyron, 75008.\" \/>\n<meta name=\"robots\" content=\"index, follow, max-snippet:-1, max-image-preview:large, max-video-preview:-1\" \/>\n<link rel=\"canonical\" href=\"https:\/\/cabinetclapeyron.fr\/?page_id=41\" \/>\n<meta property=\"og:locale\" content=\"fr_FR\" \/>\n<meta property=\"og:type\" content=\"article\" \/>\n<meta property=\"og:title\" content=\"Informations pratiques - Cabinet m\u00e9dical et dentaire 25 rue clapeyron\" \/>\n<meta property=\"og:description\" content=\"O\u00f9 trouver le cabinet m\u00e9dical et dentaire Clapeyron? 25 rue Clapeyron, 75008.\" \/>\n<meta property=\"og:url\" content=\"https:\/\/cabinetclapeyron.fr\/?page_id=41\" \/>\n<meta property=\"og:site_name\" content=\"Cabinet m\u00e9dical et dentaire 25 rue clapeyron\" \/>\n<meta property=\"article:modified_time\" content=\"2026-03-27T16:58:30+00:00\" \/>\n<meta name=\"twitter:card\" content=\"summary_large_image\" \/>\n<meta name=\"twitter:label1\" content=\"Dur\u00e9e de lecture estim\u00e9e\" \/>\n\t<meta name=\"twitter:data1\" content=\"1 minute\" \/>\n<script type=\"application\/ld+json\" class=\"yoast-schema-graph\">{\"@context\":\"https:\\\/\\\/schema.org\",\"@graph\":[{\"@type\":\"WebPage\",\"@id\":\"https:\\\/\\\/cabinetclapeyron.fr\\\/?page_id=41\",\"url\":\"https:\\\/\\\/cabinetclapeyron.fr\\\/?page_id=41\",\"name\":\"Informations pratiques - Cabinet m\u00e9dical et dentaire 25 rue clapeyron\",\"isPartOf\":{\"@id\":\"https:\\\/\\\/cabinetclapeyron.fr\\\/#website\"},\"datePublished\":\"2024-01-29T16:29:14+00:00\",\"dateModified\":\"2026-03-27T16:58:30+00:00\",\"description\":\"O\u00f9 trouver le cabinet m\u00e9dical et dentaire Clapeyron? 25 rue Clapeyron, 75008.\",\"inLanguage\":\"fr-FR\",\"potentialAction\":[{\"@type\":\"ReadAction\",\"target\":[\"https:\\\/\\\/cabinetclapeyron.fr\\\/?page_id=41\"]}]},{\"@type\":\"WebSite\",\"@id\":\"https:\\\/\\\/cabinetclapeyron.fr\\\/#website\",\"url\":\"https:\\\/\\\/cabinetclapeyron.fr\\\/\",\"name\":\"Cabinet m\u00e9dical et dentaire 25 rue clapeyron\",\"description\":\"cabinet m\u00e9dical pluridisciplinaire pr\u00e8s des Batignolles\",\"publisher\":{\"@id\":\"https:\\\/\\\/cabinetclapeyron.fr\\\/#organization\"},\"potentialAction\":[{\"@type\":\"SearchAction\",\"target\":{\"@type\":\"EntryPoint\",\"urlTemplate\":\"https:\\\/\\\/cabinetclapeyron.fr\\\/?s={search_term_string}\"},\"query-input\":{\"@type\":\"PropertyValueSpecification\",\"valueRequired\":true,\"valueName\":\"search_term_string\"}}],\"inLanguage\":\"fr-FR\"},{\"@type\":\"Organization\",\"@id\":\"https:\\\/\\\/cabinetclapeyron.fr\\\/#organization\",\"name\":\"Cabinet m\u00e9dical et dentaire 25 rue clapeyron\",\"url\":\"https:\\\/\\\/cabinetclapeyron.fr\\\/\",\"logo\":{\"@type\":\"ImageObject\",\"inLanguage\":\"fr-FR\",\"@id\":\"https:\\\/\\\/cabinetclapeyron.fr\\\/#\\\/schema\\\/logo\\\/image\\\/\",\"url\":\"https:\\\/\\\/cabinetclapeyron.fr\\\/wp-content\\\/uploads\\\/2024\\\/02\\\/test-logo-3-OK.svg\",\"contentUrl\":\"https:\\\/\\\/cabinetclapeyron.fr\\\/wp-content\\\/uploads\\\/2024\\\/02\\\/test-logo-3-OK.svg\",\"width\":1084,\"height\":1084,\"caption\":\"Cabinet m\u00e9dical et dentaire 25 rue clapeyron\"},\"image\":{\"@id\":\"https:\\\/\\\/cabinetclapeyron.fr\\\/#\\\/schema\\\/logo\\\/image\\\/\"}}]}<\/script>\n<!-- \/ Yoast SEO plugin. -->","yoast_head_json":{"title":"Informations pratiques - Cabinet m\u00e9dical et dentaire 25 rue clapeyron","description":"O\u00f9 trouver le cabinet m\u00e9dical et dentaire Clapeyron? 25 rue Clapeyron, 75008.","robots":{"index":"index","follow":"follow","max-snippet":"max-snippet:-1","max-image-preview":"max-image-preview:large","max-video-preview":"max-video-preview:-1"},"canonical":"https:\/\/cabinetclapeyron.fr\/?page_id=41","og_locale":"fr_FR","og_type":"article","og_title":"Informations pratiques - Cabinet m\u00e9dical et dentaire 25 rue clapeyron","og_description":"O\u00f9 trouver le cabinet m\u00e9dical et dentaire Clapeyron? 25 rue Clapeyron, 75008.","og_url":"https:\/\/cabinetclapeyron.fr\/?page_id=41","og_site_name":"Cabinet m\u00e9dical et dentaire 25 rue clapeyron","article_modified_time":"2026-03-27T16:58:30+00:00","twitter_card":"summary_large_image","twitter_misc":{"Dur\u00e9e de lecture estim\u00e9e":"1 minute"},"schema":{"@context":"https:\/\/schema.org","@graph":[{"@type":"WebPage","@id":"https:\/\/cabinetclapeyron.fr\/?page_id=41","url":"https:\/\/cabinetclapeyron.fr\/?page_id=41","name":"Informations pratiques - Cabinet m\u00e9dical et dentaire 25 rue clapeyron","isPartOf":{"@id":"https:\/\/cabinetclapeyron.fr\/#website"},"datePublished":"2024-01-29T16:29:14+00:00","dateModified":"2026-03-27T16:58:30+00:00","description":"O\u00f9 trouver le cabinet m\u00e9dical et dentaire Clapeyron? 25 rue Clapeyron, 75008.","inLanguage":"fr-FR","potentialAction":[{"@type":"ReadAction","target":["https:\/\/cabinetclapeyron.fr\/?page_id=41"]}]},{"@type":"WebSite","@id":"https:\/\/cabinetclapeyron.fr\/#website","url":"https:\/\/cabinetclapeyron.fr\/","name":"Cabinet m\u00e9dical et dentaire 25 rue clapeyron","description":"cabinet m\u00e9dical pluridisciplinaire pr\u00e8s des Batignolles","publisher":{"@id":"https:\/\/cabinetclapeyron.fr\/#organization"},"potentialAction":[{"@type":"SearchAction","target":{"@type":"EntryPoint","urlTemplate":"https:\/\/cabinetclapeyron.fr\/?s={search_term_string}"},"query-input":{"@type":"PropertyValueSpecification","valueRequired":true,"valueName":"search_term_string"}}],"inLanguage":"fr-FR"},{"@type":"Organization","@id":"https:\/\/cabinetclapeyron.fr\/#organization","name":"Cabinet m\u00e9dical et dentaire 25 rue clapeyron","url":"https:\/\/cabinetclapeyron.fr\/","logo":{"@type":"ImageObject","inLanguage":"fr-FR","@id":"https:\/\/cabinetclapeyron.fr\/#\/schema\/logo\/image\/","url":"https:\/\/cabinetclapeyron.fr\/wp-content\/uploads\/2024\/02\/test-logo-3-OK.svg","contentUrl":"https:\/\/cabinetclapeyron.fr\/wp-content\/uploads\/2024\/02\/test-logo-3-OK.svg","width":1084,"height":1084,"caption":"Cabinet m\u00e9dical et dentaire 25 rue clapeyron"},"image":{"@id":"https:\/\/cabinetclapeyron.fr\/#\/schema\/logo\/image\/"}}]}},"_links":{"self":[{"href":"https:\/\/cabinetclapeyron.fr\/index.php?rest_route=\/wp\/v2\/pages\/41","targetHints":{"allow":["GET"]}}],"collection":[{"href":"https:\/\/cabinetclapeyron.fr\/index.php?rest_route=\/wp\/v2\/pages"}],"about":[{"href":"https:\/\/cabinetclapeyron.fr\/index.php?rest_route=\/wp\/v2\/types\/page"}],"author":[{"embeddable":true,"href":"https:\/\/cabinetclapeyron.fr\/index.php?rest_route=\/wp\/v2\/users\/2"}],"replies":[{"embeddable":true,"href":"https:\/\/cabinetclapeyron.fr\/index.php?rest_route=%2Fwp%2Fv2%2Fcomments&post=41"}],"version-history":[{"count":43,"href":"https:\/\/cabinetclapeyron.fr\/index.php?rest_route=\/wp\/v2\/pages\/41\/revisions"}],"predecessor-version":[{"id":1444,"href":"https:\/\/cabinetclapeyron.fr\/index.php?rest_route=\/wp\/v2\/pages\/41\/revisions\/1444"}],"wp:attachment":[{"href":"https:\/\/cabinetclapeyron.fr\/index.php?rest_route=%2Fwp%2Fv2%2Fmedia&parent=41"}],"curies":[{"name":"wp","href":"https:\/\/api.w.org\/{rel}","templated":true}]}}