{"id":363,"date":"2024-02-07T12:26:01","date_gmt":"2024-02-07T11:26:01","guid":{"rendered":"https:\/\/janv11j.atelierssiteweb.com\/?page_id=363"},"modified":"2024-10-17T10:40:30","modified_gmt":"2024-10-17T08:40:30","slug":"medecine-dentaire","status":"publish","type":"page","link":"https:\/\/cabinetclapeyron.fr\/?page_id=363","title":{"rendered":"Chirurgie dentaire"},"content":{"rendered":"\n<p>La chirurgie dentaire, \u00e9galement connue sous le nom de dentisterie ou odontologie, est une branche de la m\u00e9decine qui se concentre sur la pr\u00e9vention, le diagnostic et le traitement des maladies et des affections affectant les dents, les gencives, la bouche et les structures environnantes. Les professionnels de la m\u00e9decine dentaire, appel\u00e9s dentistes ou chirurgiens-dentistes, sont form\u00e9s pour fournir une gamme de services, notamment les soins pr\u00e9ventifs (comme le nettoyage des dents et l&rsquo;application de scellants dentaires), les soins curatifs (tels que les obturations et les traitements de canal), la restauration dentaire (comme les couronnes et les ponts), la chirurgie dentaire (comme les extractions dentaires et les implants), et le traitement des probl\u00e8mes de gencives (comme la gingivite et la parodontite). La m\u00e9decine dentaire joue un r\u00f4le crucial dans la promotion de la sant\u00e9 bucco-dentaire et contribue \u00e9galement \u00e0 la sant\u00e9 g\u00e9n\u00e9rale en reconnaissant les liens entre les maladies buccales et d&rsquo;autres conditions m\u00e9dicales, telles que les maladies cardiaques et le diab\u00e8te.<\/p>\n","protected":false},"excerpt":{"rendered":"<p>La chirurgie dentaire, \u00e9galement connue sous le nom de dentisterie ou odontologie, est une branche de la m\u00e9decine qui se [&hellip;]<\/p>\n","protected":false},"author":2,"featured_media":0,"parent":0,"menu_order":0,"comment_status":"closed","ping_status":"closed","template":"","meta":{"site-sidebar-layout":"default","site-content-layout":"","ast-site-content-layout":"default","site-content-style":"default","site-sidebar-style":"default","ast-global-header-display":"","ast-banner-title-visibility":"","ast-main-header-display":"","ast-hfb-above-header-display":"","ast-hfb-below-header-display":"","ast-hfb-mobile-header-display":"","site-post-title":"","ast-breadcrumbs-content":"","ast-featured-img":"","footer-sml-layout":"","ast-disable-related-posts":"","theme-transparent-header-meta":"","adv-header-id-meta":"","stick-header-meta":"","header-above-stick-meta":"","header-main-stick-meta":"","header-below-stick-meta":"","astra-migrate-meta-layouts":"default","ast-page-background-enabled":"default","ast-page-background-meta":{"desktop":{"background-color":"var(--ast-global-color-4)","background-image":"","background-repeat":"repeat","background-position":"center center","background-size":"auto","background-attachment":"scroll","background-type":"","background-media":"","overlay-type":"","overlay-color":"","overlay-opacity":"","overlay-gradient":""},"tablet":{"background-color":"","background-image":"","background-repeat":"repeat","background-position":"center center","background-size":"auto","background-attachment":"scroll","background-type":"","background-media":"","overlay-type":"","overlay-color":"","overlay-opacity":"","overlay-gradient":""},"mobile":{"background-color":"","background-image":"","background-repeat":"repeat","background-position":"center center","background-size":"auto","background-attachment":"scroll","background-type":"","background-media":"","overlay-type":"","overlay-color":"","overlay-opacity":"","overlay-gradient":""}},"ast-content-background-meta":{"desktop":{"background-color":"var(--ast-global-color-5)","background-image":"","background-repeat":"repeat","background-position":"center center","background-size":"auto","background-attachment":"scroll","background-type":"","background-media":"","overlay-type":"","overlay-color":"","overlay-opacity":"","overlay-gradient":""},"tablet":{"background-color":"var(--ast-global-color-5)","background-image":"","background-repeat":"repeat","background-position":"center center","background-size":"auto","background-attachment":"scroll","background-type":"","background-media":"","overlay-type":"","overlay-color":"","overlay-opacity":"","overlay-gradient":""},"mobile":{"background-color":"var(--ast-global-color-5)","background-image":"","background-repeat":"repeat","background-position":"center center","background-size":"auto","background-attachment":"scroll","background-type":"","background-media":"","overlay-type":"","overlay-color":"","overlay-opacity":"","overlay-gradient":""}},"footnotes":""},"class_list":["post-363","page","type-page","status-publish","hentry"],"yoast_head":"<!-- This site is optimized with the Yoast SEO plugin v27.3 - https:\/\/yoast.com\/product\/yoast-seo-wordpress\/ -->\n<title>Chirurgie dentaire - Cabinet m\u00e9dical et dentaire 25 rue clapeyron<\/title>\n<meta name=\"robots\" content=\"index, follow, max-snippet:-1, max-image-preview:large, max-video-preview:-1\" \/>\n<link rel=\"canonical\" href=\"https:\/\/cabinetclapeyron.fr\/?page_id=363\" \/>\n<meta property=\"og:locale\" content=\"fr_FR\" \/>\n<meta property=\"og:type\" content=\"article\" \/>\n<meta property=\"og:title\" content=\"Chirurgie dentaire - Cabinet m\u00e9dical et dentaire 25 rue clapeyron\" \/>\n<meta property=\"og:description\" content=\"La chirurgie dentaire, \u00e9galement connue sous le nom de dentisterie ou odontologie, est une branche de la m\u00e9decine qui se [&hellip;]\" \/>\n<meta property=\"og:url\" content=\"https:\/\/cabinetclapeyron.fr\/?page_id=363\" \/>\n<meta property=\"og:site_name\" content=\"Cabinet m\u00e9dical et dentaire 25 rue clapeyron\" \/>\n<meta property=\"article:modified_time\" content=\"2024-10-17T08:40:30+00:00\" \/>\n<meta name=\"twitter:card\" content=\"summary_large_image\" \/>\n<meta name=\"twitter:label1\" content=\"Dur\u00e9e de lecture estim\u00e9e\" \/>\n\t<meta name=\"twitter:data1\" content=\"1 minute\" \/>\n<script type=\"application\/ld+json\" class=\"yoast-schema-graph\">{\"@context\":\"https:\\\/\\\/schema.org\",\"@graph\":[{\"@type\":\"WebPage\",\"@id\":\"https:\\\/\\\/cabinetclapeyron.fr\\\/?page_id=363\",\"url\":\"https:\\\/\\\/cabinetclapeyron.fr\\\/?page_id=363\",\"name\":\"Chirurgie dentaire - Cabinet m\u00e9dical et dentaire 25 rue clapeyron\",\"isPartOf\":{\"@id\":\"https:\\\/\\\/cabinetclapeyron.fr\\\/#website\"},\"datePublished\":\"2024-02-07T11:26:01+00:00\",\"dateModified\":\"2024-10-17T08:40:30+00:00\",\"inLanguage\":\"fr-FR\",\"potentialAction\":[{\"@type\":\"ReadAction\",\"target\":[\"https:\\\/\\\/cabinetclapeyron.fr\\\/?page_id=363\"]}]},{\"@type\":\"WebSite\",\"@id\":\"https:\\\/\\\/cabinetclapeyron.fr\\\/#website\",\"url\":\"https:\\\/\\\/cabinetclapeyron.fr\\\/\",\"name\":\"Cabinet m\u00e9dical et dentaire 25 rue clapeyron\",\"description\":\"cabinet m\u00e9dical pluridisciplinaire pr\u00e8s des Batignolles\",\"publisher\":{\"@id\":\"https:\\\/\\\/cabinetclapeyron.fr\\\/#organization\"},\"potentialAction\":[{\"@type\":\"SearchAction\",\"target\":{\"@type\":\"EntryPoint\",\"urlTemplate\":\"https:\\\/\\\/cabinetclapeyron.fr\\\/?s={search_term_string}\"},\"query-input\":{\"@type\":\"PropertyValueSpecification\",\"valueRequired\":true,\"valueName\":\"search_term_string\"}}],\"inLanguage\":\"fr-FR\"},{\"@type\":\"Organization\",\"@id\":\"https:\\\/\\\/cabinetclapeyron.fr\\\/#organization\",\"name\":\"Cabinet m\u00e9dical et dentaire 25 rue clapeyron\",\"url\":\"https:\\\/\\\/cabinetclapeyron.fr\\\/\",\"logo\":{\"@type\":\"ImageObject\",\"inLanguage\":\"fr-FR\",\"@id\":\"https:\\\/\\\/cabinetclapeyron.fr\\\/#\\\/schema\\\/logo\\\/image\\\/\",\"url\":\"https:\\\/\\\/cabinetclapeyron.fr\\\/wp-content\\\/uploads\\\/2024\\\/02\\\/test-logo-3-OK.svg\",\"contentUrl\":\"https:\\\/\\\/cabinetclapeyron.fr\\\/wp-content\\\/uploads\\\/2024\\\/02\\\/test-logo-3-OK.svg\",\"width\":1084,\"height\":1084,\"caption\":\"Cabinet m\u00e9dical et dentaire 25 rue clapeyron\"},\"image\":{\"@id\":\"https:\\\/\\\/cabinetclapeyron.fr\\\/#\\\/schema\\\/logo\\\/image\\\/\"}}]}<\/script>\n<!-- \/ Yoast SEO plugin. -->","yoast_head_json":{"title":"Chirurgie dentaire - Cabinet m\u00e9dical et dentaire 25 rue clapeyron","robots":{"index":"index","follow":"follow","max-snippet":"max-snippet:-1","max-image-preview":"max-image-preview:large","max-video-preview":"max-video-preview:-1"},"canonical":"https:\/\/cabinetclapeyron.fr\/?page_id=363","og_locale":"fr_FR","og_type":"article","og_title":"Chirurgie dentaire - Cabinet m\u00e9dical et dentaire 25 rue clapeyron","og_description":"La chirurgie dentaire, \u00e9galement connue sous le nom de dentisterie ou odontologie, est une branche de la m\u00e9decine qui se [&hellip;]","og_url":"https:\/\/cabinetclapeyron.fr\/?page_id=363","og_site_name":"Cabinet m\u00e9dical et dentaire 25 rue clapeyron","article_modified_time":"2024-10-17T08:40:30+00:00","twitter_card":"summary_large_image","twitter_misc":{"Dur\u00e9e de lecture estim\u00e9e":"1 minute"},"schema":{"@context":"https:\/\/schema.org","@graph":[{"@type":"WebPage","@id":"https:\/\/cabinetclapeyron.fr\/?page_id=363","url":"https:\/\/cabinetclapeyron.fr\/?page_id=363","name":"Chirurgie dentaire - Cabinet m\u00e9dical et dentaire 25 rue clapeyron","isPartOf":{"@id":"https:\/\/cabinetclapeyron.fr\/#website"},"datePublished":"2024-02-07T11:26:01+00:00","dateModified":"2024-10-17T08:40:30+00:00","inLanguage":"fr-FR","potentialAction":[{"@type":"ReadAction","target":["https:\/\/cabinetclapeyron.fr\/?page_id=363"]}]},{"@type":"WebSite","@id":"https:\/\/cabinetclapeyron.fr\/#website","url":"https:\/\/cabinetclapeyron.fr\/","name":"Cabinet m\u00e9dical et dentaire 25 rue clapeyron","description":"cabinet m\u00e9dical pluridisciplinaire pr\u00e8s des Batignolles","publisher":{"@id":"https:\/\/cabinetclapeyron.fr\/#organization"},"potentialAction":[{"@type":"SearchAction","target":{"@type":"EntryPoint","urlTemplate":"https:\/\/cabinetclapeyron.fr\/?s={search_term_string}"},"query-input":{"@type":"PropertyValueSpecification","valueRequired":true,"valueName":"search_term_string"}}],"inLanguage":"fr-FR"},{"@type":"Organization","@id":"https:\/\/cabinetclapeyron.fr\/#organization","name":"Cabinet m\u00e9dical et dentaire 25 rue clapeyron","url":"https:\/\/cabinetclapeyron.fr\/","logo":{"@type":"ImageObject","inLanguage":"fr-FR","@id":"https:\/\/cabinetclapeyron.fr\/#\/schema\/logo\/image\/","url":"https:\/\/cabinetclapeyron.fr\/wp-content\/uploads\/2024\/02\/test-logo-3-OK.svg","contentUrl":"https:\/\/cabinetclapeyron.fr\/wp-content\/uploads\/2024\/02\/test-logo-3-OK.svg","width":1084,"height":1084,"caption":"Cabinet m\u00e9dical et dentaire 25 rue clapeyron"},"image":{"@id":"https:\/\/cabinetclapeyron.fr\/#\/schema\/logo\/image\/"}}]}},"_links":{"self":[{"href":"https:\/\/cabinetclapeyron.fr\/index.php?rest_route=\/wp\/v2\/pages\/363","targetHints":{"allow":["GET"]}}],"collection":[{"href":"https:\/\/cabinetclapeyron.fr\/index.php?rest_route=\/wp\/v2\/pages"}],"about":[{"href":"https:\/\/cabinetclapeyron.fr\/index.php?rest_route=\/wp\/v2\/types\/page"}],"author":[{"embeddable":true,"href":"https:\/\/cabinetclapeyron.fr\/index.php?rest_route=\/wp\/v2\/users\/2"}],"replies":[{"embeddable":true,"href":"https:\/\/cabinetclapeyron.fr\/index.php?rest_route=%2Fwp%2Fv2%2Fcomments&post=363"}],"version-history":[{"count":3,"href":"https:\/\/cabinetclapeyron.fr\/index.php?rest_route=\/wp\/v2\/pages\/363\/revisions"}],"predecessor-version":[{"id":1304,"href":"https:\/\/cabinetclapeyron.fr\/index.php?rest_route=\/wp\/v2\/pages\/363\/revisions\/1304"}],"wp:attachment":[{"href":"https:\/\/cabinetclapeyron.fr\/index.php?rest_route=%2Fwp%2Fv2%2Fmedia&parent=363"}],"curies":[{"name":"wp","href":"https:\/\/api.w.org\/{rel}","templated":true}]}}