{"id":358,"date":"2024-02-07T12:15:56","date_gmt":"2024-02-07T11:15:56","guid":{"rendered":"https:\/\/janv11j.atelierssiteweb.com\/?page_id=358"},"modified":"2024-02-07T12:47:27","modified_gmt":"2024-02-07T11:47:27","slug":"medecine-generale","status":"publish","type":"page","link":"https:\/\/cabinetclapeyron.fr\/?page_id=358","title":{"rendered":"M\u00e9decine g\u00e9n\u00e9rale"},"content":{"rendered":"\t\t<div data-elementor-type=\"wp-page\" data-elementor-id=\"358\" class=\"elementor elementor-358\">\n\t\t\t\t\t\t<section class=\"elementor-section elementor-top-section elementor-element elementor-element-fd2e132 elementor-section-boxed elementor-section-height-default elementor-section-height-default\" data-id=\"fd2e132\" data-element_type=\"section\" data-e-type=\"section\">\n\t\t\t\t\t\t<div class=\"elementor-container elementor-column-gap-default\">\n\t\t\t\t\t<div class=\"elementor-column elementor-col-100 elementor-top-column elementor-element elementor-element-3491213\" data-id=\"3491213\" data-element_type=\"column\" data-e-type=\"column\">\n\t\t\t<div class=\"elementor-widget-wrap elementor-element-populated\">\n\t\t\t\t\t\t<div class=\"elementor-element elementor-element-aabfd70 elementor-widget elementor-widget-heading\" data-id=\"aabfd70\" data-element_type=\"widget\" data-e-type=\"widget\" data-widget_type=\"heading.default\">\n\t\t\t\t<div class=\"elementor-widget-container\">\n\t\t\t\t\t<h2 class=\"elementor-heading-title elementor-size-default\">M\u00e9decine g\u00e9n\u00e9rale<\/h2>\t\t\t\t<\/div>\n\t\t\t\t<\/div>\n\t\t\t\t<div class=\"elementor-element elementor-element-23f0788 elementor-widget elementor-widget-text-editor\" data-id=\"23f0788\" data-element_type=\"widget\" data-e-type=\"widget\" data-widget_type=\"text-editor.default\">\n\t\t\t\t<div class=\"elementor-widget-container\">\n\t\t\t\t\t\t\t\t\t<p><span style=\"color: rgb(55, 65, 81); font-family: S\u00f6hne, ui-sans-serif, system-ui, -apple-system, &quot;Segoe UI&quot;, Roboto, Ubuntu, Cantarell, &quot;Noto Sans&quot;, sans-serif, &quot;Helvetica Neue&quot;, Arial, &quot;Apple Color Emoji&quot;, &quot;Segoe UI Emoji&quot;, &quot;Segoe UI Symbol&quot;, &quot;Noto Color Emoji&quot;; white-space-collapse: preserve;\">La m\u00e9decine g\u00e9n\u00e9rale est une sp\u00e9cialit\u00e9 m\u00e9dicale qui se concentre sur la sant\u00e9 globale et le bien-\u00eatre des individus de tous \u00e2ges. Les m\u00e9decins g\u00e9n\u00e9ralistes, \u00e9galement appel\u00e9s omnipraticiens, sont form\u00e9s pour diagnostiquer, traiter et pr\u00e9venir une large gamme de probl\u00e8mes de sant\u00e9, qu&rsquo;ils soient aigus ou chroniques. Ils jouent un r\u00f4le essentiel en tant que premiers points de contact dans le syst\u00e8me de soins de sant\u00e9, assurant la coordination des soins, la promotion de la sant\u00e9 et l&rsquo;\u00e9ducation des patients sur la pr\u00e9vention des maladies. Les m\u00e9decins g\u00e9n\u00e9ralistes sont souvent consult\u00e9s pour des affections courantes telles que les infections respiratoires, les probl\u00e8mes de peau, les troubles gastro-intestinaux, ainsi que pour le suivi des maladies chroniques telles que le diab\u00e8te, l&rsquo;hypertension et l&rsquo;asthme.<\/span><br><\/p>\t\t\t\t\t\t\t\t<\/div>\n\t\t\t\t<\/div>\n\t\t\t\t\t<\/div>\n\t\t<\/div>\n\t\t\t\t\t<\/div>\n\t\t<\/section>\n\t\t\t\t<\/div>\n\t\t","protected":false},"excerpt":{"rendered":"<p>M\u00e9decine g\u00e9n\u00e9rale La m\u00e9decine g\u00e9n\u00e9rale est une sp\u00e9cialit\u00e9 m\u00e9dicale qui se concentre sur la sant\u00e9 globale et le bien-\u00eatre des [&hellip;]<\/p>\n","protected":false},"author":2,"featured_media":0,"parent":0,"menu_order":0,"comment_status":"closed","ping_status":"closed","template":"","meta":{"site-sidebar-layout":"no-sidebar","site-content-layout":"","ast-site-content-layout":"full-width-container","site-content-style":"default","site-sidebar-style":"default","ast-global-header-display":"","ast-banner-title-visibility":"","ast-main-header-display":"","ast-hfb-above-header-display":"","ast-hfb-below-header-display":"","ast-hfb-mobile-header-display":"","site-post-title":"disabled","ast-breadcrumbs-content":"","ast-featured-img":"disabled","footer-sml-layout":"","ast-disable-related-posts":"","theme-transparent-header-meta":"","adv-header-id-meta":"","stick-header-meta":"","header-above-stick-meta":"","header-main-stick-meta":"","header-below-stick-meta":"","astra-migrate-meta-layouts":"default","ast-page-background-enabled":"default","ast-page-background-meta":{"desktop":{"background-color":"var(--ast-global-color-4)","background-image":"","background-repeat":"repeat","background-position":"center center","background-size":"auto","background-attachment":"scroll","background-type":"","background-media":"","overlay-type":"","overlay-color":"","overlay-opacity":"","overlay-gradient":""},"tablet":{"background-color":"","background-image":"","background-repeat":"repeat","background-position":"center center","background-size":"auto","background-attachment":"scroll","background-type":"","background-media":"","overlay-type":"","overlay-color":"","overlay-opacity":"","overlay-gradient":""},"mobile":{"background-color":"","background-image":"","background-repeat":"repeat","background-position":"center center","background-size":"auto","background-attachment":"scroll","background-type":"","background-media":"","overlay-type":"","overlay-color":"","overlay-opacity":"","overlay-gradient":""}},"ast-content-background-meta":{"desktop":{"background-color":"var(--ast-global-color-5)","background-image":"","background-repeat":"repeat","background-position":"center center","background-size":"auto","background-attachment":"scroll","background-type":"","background-media":"","overlay-type":"","overlay-color":"","overlay-opacity":"","overlay-gradient":""},"tablet":{"background-color":"var(--ast-global-color-5)","background-image":"","background-repeat":"repeat","background-position":"center center","background-size":"auto","background-attachment":"scroll","background-type":"","background-media":"","overlay-type":"","overlay-color":"","overlay-opacity":"","overlay-gradient":""},"mobile":{"background-color":"var(--ast-global-color-5)","background-image":"","background-repeat":"repeat","background-position":"center center","background-size":"auto","background-attachment":"scroll","background-type":"","background-media":"","overlay-type":"","overlay-color":"","overlay-opacity":"","overlay-gradient":""}},"footnotes":""},"class_list":["post-358","page","type-page","status-publish","hentry"],"yoast_head":"<!-- This site is optimized with the Yoast SEO plugin v27.3 - https:\/\/yoast.com\/product\/yoast-seo-wordpress\/ -->\n<title>M\u00e9decine g\u00e9n\u00e9rale - Cabinet m\u00e9dical et dentaire 25 rue clapeyron<\/title>\n<meta name=\"robots\" content=\"index, follow, max-snippet:-1, max-image-preview:large, max-video-preview:-1\" \/>\n<link rel=\"canonical\" href=\"https:\/\/cabinetclapeyron.fr\/?page_id=358\" \/>\n<meta property=\"og:locale\" content=\"fr_FR\" \/>\n<meta property=\"og:type\" content=\"article\" \/>\n<meta property=\"og:title\" content=\"M\u00e9decine g\u00e9n\u00e9rale - Cabinet m\u00e9dical et dentaire 25 rue clapeyron\" \/>\n<meta property=\"og:description\" content=\"M\u00e9decine g\u00e9n\u00e9rale La m\u00e9decine g\u00e9n\u00e9rale est une sp\u00e9cialit\u00e9 m\u00e9dicale qui se concentre sur la sant\u00e9 globale et le bien-\u00eatre des [&hellip;]\" \/>\n<meta property=\"og:url\" content=\"https:\/\/cabinetclapeyron.fr\/?page_id=358\" \/>\n<meta property=\"og:site_name\" content=\"Cabinet m\u00e9dical et dentaire 25 rue clapeyron\" \/>\n<meta property=\"article:modified_time\" content=\"2024-02-07T11:47:27+00:00\" \/>\n<meta name=\"twitter:card\" content=\"summary_large_image\" \/>\n<meta name=\"twitter:label1\" content=\"Dur\u00e9e de lecture estim\u00e9e\" \/>\n\t<meta name=\"twitter:data1\" content=\"1 minute\" \/>\n<script type=\"application\/ld+json\" class=\"yoast-schema-graph\">{\"@context\":\"https:\\\/\\\/schema.org\",\"@graph\":[{\"@type\":\"WebPage\",\"@id\":\"https:\\\/\\\/cabinetclapeyron.fr\\\/?page_id=358\",\"url\":\"https:\\\/\\\/cabinetclapeyron.fr\\\/?page_id=358\",\"name\":\"M\u00e9decine g\u00e9n\u00e9rale - Cabinet m\u00e9dical et dentaire 25 rue clapeyron\",\"isPartOf\":{\"@id\":\"https:\\\/\\\/cabinetclapeyron.fr\\\/#website\"},\"datePublished\":\"2024-02-07T11:15:56+00:00\",\"dateModified\":\"2024-02-07T11:47:27+00:00\",\"inLanguage\":\"fr-FR\",\"potentialAction\":[{\"@type\":\"ReadAction\",\"target\":[\"https:\\\/\\\/cabinetclapeyron.fr\\\/?page_id=358\"]}]},{\"@type\":\"WebSite\",\"@id\":\"https:\\\/\\\/cabinetclapeyron.fr\\\/#website\",\"url\":\"https:\\\/\\\/cabinetclapeyron.fr\\\/\",\"name\":\"Cabinet m\u00e9dical et dentaire 25 rue clapeyron\",\"description\":\"cabinet m\u00e9dical pluridisciplinaire pr\u00e8s des Batignolles\",\"publisher\":{\"@id\":\"https:\\\/\\\/cabinetclapeyron.fr\\\/#organization\"},\"potentialAction\":[{\"@type\":\"SearchAction\",\"target\":{\"@type\":\"EntryPoint\",\"urlTemplate\":\"https:\\\/\\\/cabinetclapeyron.fr\\\/?s={search_term_string}\"},\"query-input\":{\"@type\":\"PropertyValueSpecification\",\"valueRequired\":true,\"valueName\":\"search_term_string\"}}],\"inLanguage\":\"fr-FR\"},{\"@type\":\"Organization\",\"@id\":\"https:\\\/\\\/cabinetclapeyron.fr\\\/#organization\",\"name\":\"Cabinet m\u00e9dical et dentaire 25 rue clapeyron\",\"url\":\"https:\\\/\\\/cabinetclapeyron.fr\\\/\",\"logo\":{\"@type\":\"ImageObject\",\"inLanguage\":\"fr-FR\",\"@id\":\"https:\\\/\\\/cabinetclapeyron.fr\\\/#\\\/schema\\\/logo\\\/image\\\/\",\"url\":\"https:\\\/\\\/cabinetclapeyron.fr\\\/wp-content\\\/uploads\\\/2024\\\/02\\\/test-logo-3-OK.svg\",\"contentUrl\":\"https:\\\/\\\/cabinetclapeyron.fr\\\/wp-content\\\/uploads\\\/2024\\\/02\\\/test-logo-3-OK.svg\",\"width\":1084,\"height\":1084,\"caption\":\"Cabinet m\u00e9dical et dentaire 25 rue clapeyron\"},\"image\":{\"@id\":\"https:\\\/\\\/cabinetclapeyron.fr\\\/#\\\/schema\\\/logo\\\/image\\\/\"}}]}<\/script>\n<!-- \/ Yoast SEO plugin. -->","yoast_head_json":{"title":"M\u00e9decine g\u00e9n\u00e9rale - Cabinet m\u00e9dical et dentaire 25 rue clapeyron","robots":{"index":"index","follow":"follow","max-snippet":"max-snippet:-1","max-image-preview":"max-image-preview:large","max-video-preview":"max-video-preview:-1"},"canonical":"https:\/\/cabinetclapeyron.fr\/?page_id=358","og_locale":"fr_FR","og_type":"article","og_title":"M\u00e9decine g\u00e9n\u00e9rale - Cabinet m\u00e9dical et dentaire 25 rue clapeyron","og_description":"M\u00e9decine g\u00e9n\u00e9rale La m\u00e9decine g\u00e9n\u00e9rale est une sp\u00e9cialit\u00e9 m\u00e9dicale qui se concentre sur la sant\u00e9 globale et le bien-\u00eatre des [&hellip;]","og_url":"https:\/\/cabinetclapeyron.fr\/?page_id=358","og_site_name":"Cabinet m\u00e9dical et dentaire 25 rue clapeyron","article_modified_time":"2024-02-07T11:47:27+00:00","twitter_card":"summary_large_image","twitter_misc":{"Dur\u00e9e de lecture estim\u00e9e":"1 minute"},"schema":{"@context":"https:\/\/schema.org","@graph":[{"@type":"WebPage","@id":"https:\/\/cabinetclapeyron.fr\/?page_id=358","url":"https:\/\/cabinetclapeyron.fr\/?page_id=358","name":"M\u00e9decine g\u00e9n\u00e9rale - Cabinet m\u00e9dical et dentaire 25 rue clapeyron","isPartOf":{"@id":"https:\/\/cabinetclapeyron.fr\/#website"},"datePublished":"2024-02-07T11:15:56+00:00","dateModified":"2024-02-07T11:47:27+00:00","inLanguage":"fr-FR","potentialAction":[{"@type":"ReadAction","target":["https:\/\/cabinetclapeyron.fr\/?page_id=358"]}]},{"@type":"WebSite","@id":"https:\/\/cabinetclapeyron.fr\/#website","url":"https:\/\/cabinetclapeyron.fr\/","name":"Cabinet m\u00e9dical et dentaire 25 rue clapeyron","description":"cabinet m\u00e9dical pluridisciplinaire pr\u00e8s des Batignolles","publisher":{"@id":"https:\/\/cabinetclapeyron.fr\/#organization"},"potentialAction":[{"@type":"SearchAction","target":{"@type":"EntryPoint","urlTemplate":"https:\/\/cabinetclapeyron.fr\/?s={search_term_string}"},"query-input":{"@type":"PropertyValueSpecification","valueRequired":true,"valueName":"search_term_string"}}],"inLanguage":"fr-FR"},{"@type":"Organization","@id":"https:\/\/cabinetclapeyron.fr\/#organization","name":"Cabinet m\u00e9dical et dentaire 25 rue clapeyron","url":"https:\/\/cabinetclapeyron.fr\/","logo":{"@type":"ImageObject","inLanguage":"fr-FR","@id":"https:\/\/cabinetclapeyron.fr\/#\/schema\/logo\/image\/","url":"https:\/\/cabinetclapeyron.fr\/wp-content\/uploads\/2024\/02\/test-logo-3-OK.svg","contentUrl":"https:\/\/cabinetclapeyron.fr\/wp-content\/uploads\/2024\/02\/test-logo-3-OK.svg","width":1084,"height":1084,"caption":"Cabinet m\u00e9dical et dentaire 25 rue clapeyron"},"image":{"@id":"https:\/\/cabinetclapeyron.fr\/#\/schema\/logo\/image\/"}}]}},"_links":{"self":[{"href":"https:\/\/cabinetclapeyron.fr\/index.php?rest_route=\/wp\/v2\/pages\/358","targetHints":{"allow":["GET"]}}],"collection":[{"href":"https:\/\/cabinetclapeyron.fr\/index.php?rest_route=\/wp\/v2\/pages"}],"about":[{"href":"https:\/\/cabinetclapeyron.fr\/index.php?rest_route=\/wp\/v2\/types\/page"}],"author":[{"embeddable":true,"href":"https:\/\/cabinetclapeyron.fr\/index.php?rest_route=\/wp\/v2\/users\/2"}],"replies":[{"embeddable":true,"href":"https:\/\/cabinetclapeyron.fr\/index.php?rest_route=%2Fwp%2Fv2%2Fcomments&post=358"}],"version-history":[{"count":4,"href":"https:\/\/cabinetclapeyron.fr\/index.php?rest_route=\/wp\/v2\/pages\/358\/revisions"}],"predecessor-version":[{"id":385,"href":"https:\/\/cabinetclapeyron.fr\/index.php?rest_route=\/wp\/v2\/pages\/358\/revisions\/385"}],"wp:attachment":[{"href":"https:\/\/cabinetclapeyron.fr\/index.php?rest_route=%2Fwp%2Fv2%2Fmedia&parent=358"}],"curies":[{"name":"wp","href":"https:\/\/api.w.org\/{rel}","templated":true}]}}