{"id":356,"date":"2024-02-07T12:15:27","date_gmt":"2024-02-07T11:15:27","guid":{"rendered":"https:\/\/janv11j.atelierssiteweb.com\/?page_id=356"},"modified":"2025-05-05T16:57:48","modified_gmt":"2025-05-05T14:57:48","slug":"quest-ce-que-cest-losteopathie-definition-motifs-de-consultations","status":"publish","type":"page","link":"https:\/\/cabinetclapeyron.fr\/?page_id=356","title":{"rendered":"Ost\u00e9opathie"},"content":{"rendered":"\t\t<div data-elementor-type=\"wp-page\" data-elementor-id=\"356\" class=\"elementor elementor-356\">\n\t\t\t\t\t\t<section class=\"elementor-section elementor-top-section elementor-element elementor-element-18df56bf elementor-section-boxed elementor-section-height-default elementor-section-height-default\" data-id=\"18df56bf\" data-element_type=\"section\" data-e-type=\"section\">\n\t\t\t\t\t\t<div class=\"elementor-container elementor-column-gap-default\">\n\t\t\t\t\t<div class=\"elementor-column elementor-col-100 elementor-top-column elementor-element elementor-element-484cea34\" data-id=\"484cea34\" data-element_type=\"column\" data-e-type=\"column\">\n\t\t\t<div class=\"elementor-widget-wrap elementor-element-populated\">\n\t\t\t\t\t\t<div class=\"elementor-element elementor-element-3d1adc68 elementor-widget elementor-widget-text-editor\" data-id=\"3d1adc68\" data-element_type=\"widget\" data-e-type=\"widget\" data-widget_type=\"text-editor.default\">\n\t\t\t\t<div class=\"elementor-widget-container\">\n\t\t\t\t\t\t\t\t\t<h4 class=\"wp-block-heading\">Qu&rsquo;est ce qu&rsquo;est l&rsquo;ost\u00e9opathie<\/h4>\n<p><!-- \/wp:heading --><!-- wp:paragraph --><\/p>\n<p>L\u2019ost\u00e9opathie est une th\u00e9rapie manuelle qui a pour objectif de diminuer les douleurs d\u2019origines musculosquelettiques et de r\u00e9duire les troubles fonctionnels du corps.&nbsp;<\/p>\n<p><!-- \/wp:paragraph --><!-- wp:heading {\"level\":4} --><\/p>\n<h4 class=\"wp-block-heading\">Pourquoi consulter un ost\u00e9opathe ?<\/h4>\n<p><!-- \/wp:heading --><!-- wp:paragraph --><\/p>\n<p>Les motifs principaux de consultations sont les douleurs de la colonne vert\u00e9brale : lombalgie (bas du dos) avec ou sans sciatique associ\u00e9e, dorsalgie (milieu du dos) et cervicalgie (douleur du cou), il y a \u00e9galement d&rsquo;autres raisons de venir : douleur de hanche, de genoux, d&rsquo;\u00e9paule, de cheville&#8230;<\/p>\n<p>Ces douleurs peuvent s&rsquo;accompagner \u00e9ventuellement de douleurs de nerf (neuralgies) au membre inf\u00e9rieur qui elles peuvent se situer \u00e0 l&rsquo;arri\u00e8re de la jambe ( douleur du nerf sciatique = sciatalgie) ou \u00e0 l&rsquo;avant de la cuisse (douleur du nerf crural : cruralgie). De m\u00eame, il peut y avoir des neuralgies au membre sup\u00e9rieur tels que des syndromes du canal carpien, des n\u00e9vralgies cervico brachiales, des n\u00e9vralgies d&rsquo;Arnold.<\/p>\n<p><!-- \/wp:paragraph --><\/p>\t\t\t\t\t\t\t\t<\/div>\n\t\t\t\t<\/div>\n\t\t\t\t\t<\/div>\n\t\t<\/div>\n\t\t\t\t\t<\/div>\n\t\t<\/section>\n\t\t\t\t<\/div>\n\t\t","protected":false},"excerpt":{"rendered":"<p>Qu&rsquo;est ce qu&rsquo;est l&rsquo;ost\u00e9opathie L\u2019ost\u00e9opathie est une th\u00e9rapie manuelle qui a pour objectif de diminuer les douleurs d\u2019origines musculosquelettiques et [&hellip;]<\/p>\n","protected":false},"author":2,"featured_media":0,"parent":0,"menu_order":0,"comment_status":"closed","ping_status":"closed","template":"","meta":{"site-sidebar-layout":"default","site-content-layout":"","ast-site-content-layout":"default","site-content-style":"default","site-sidebar-style":"default","ast-global-header-display":"","ast-banner-title-visibility":"","ast-main-header-display":"","ast-hfb-above-header-display":"","ast-hfb-below-header-display":"","ast-hfb-mobile-header-display":"","site-post-title":"","ast-breadcrumbs-content":"","ast-featured-img":"","footer-sml-layout":"","ast-disable-related-posts":"","theme-transparent-header-meta":"","adv-header-id-meta":"","stick-header-meta":"","header-above-stick-meta":"","header-main-stick-meta":"","header-below-stick-meta":"","astra-migrate-meta-layouts":"default","ast-page-background-enabled":"default","ast-page-background-meta":{"desktop":{"background-color":"var(--ast-global-color-4)","background-image":"","background-repeat":"repeat","background-position":"center center","background-size":"auto","background-attachment":"scroll","background-type":"","background-media":"","overlay-type":"","overlay-color":"","overlay-opacity":"","overlay-gradient":""},"tablet":{"background-color":"","background-image":"","background-repeat":"repeat","background-position":"center center","background-size":"auto","background-attachment":"scroll","background-type":"","background-media":"","overlay-type":"","overlay-color":"","overlay-opacity":"","overlay-gradient":""},"mobile":{"background-color":"","background-image":"","background-repeat":"repeat","background-position":"center center","background-size":"auto","background-attachment":"scroll","background-type":"","background-media":"","overlay-type":"","overlay-color":"","overlay-opacity":"","overlay-gradient":""}},"ast-content-background-meta":{"desktop":{"background-color":"var(--ast-global-color-5)","background-image":"","background-repeat":"repeat","background-position":"center center","background-size":"auto","background-attachment":"scroll","background-type":"","background-media":"","overlay-type":"","overlay-color":"","overlay-opacity":"","overlay-gradient":""},"tablet":{"background-color":"var(--ast-global-color-5)","background-image":"","background-repeat":"repeat","background-position":"center center","background-size":"auto","background-attachment":"scroll","background-type":"","background-media":"","overlay-type":"","overlay-color":"","overlay-opacity":"","overlay-gradient":""},"mobile":{"background-color":"var(--ast-global-color-5)","background-image":"","background-repeat":"repeat","background-position":"center center","background-size":"auto","background-attachment":"scroll","background-type":"","background-media":"","overlay-type":"","overlay-color":"","overlay-opacity":"","overlay-gradient":""}},"footnotes":""},"class_list":["post-356","page","type-page","status-publish","hentry"],"yoast_head":"<!-- This site is optimized with the Yoast SEO plugin v27.3 - https:\/\/yoast.com\/product\/yoast-seo-wordpress\/ -->\n<title>Ost\u00e9opathie - Cabinet m\u00e9dical et dentaire 25 rue clapeyron<\/title>\n<meta name=\"description\" content=\"Qu&#039;est ce qu&#039;est l&#039;ost\u00e9opathie, une d\u00e9finition de l&#039;ost\u00e9opathie simple et r\u00e9actualis\u00e9e, pourquoi consulter un ost\u00e9opathe?\" \/>\n<meta name=\"robots\" content=\"index, follow, max-snippet:-1, max-image-preview:large, max-video-preview:-1\" \/>\n<link rel=\"canonical\" href=\"https:\/\/cabinetclapeyron.fr\/?page_id=356\" \/>\n<meta property=\"og:locale\" content=\"fr_FR\" \/>\n<meta property=\"og:type\" content=\"article\" \/>\n<meta property=\"og:title\" content=\"Ost\u00e9opathie - Cabinet m\u00e9dical et dentaire 25 rue clapeyron\" \/>\n<meta property=\"og:description\" content=\"Qu&#039;est ce qu&#039;est l&#039;ost\u00e9opathie, une d\u00e9finition de l&#039;ost\u00e9opathie simple et r\u00e9actualis\u00e9e, pourquoi consulter un ost\u00e9opathe?\" \/>\n<meta property=\"og:url\" content=\"https:\/\/cabinetclapeyron.fr\/?page_id=356\" \/>\n<meta property=\"og:site_name\" content=\"Cabinet m\u00e9dical et dentaire 25 rue clapeyron\" \/>\n<meta property=\"article:modified_time\" content=\"2025-05-05T14:57:48+00:00\" \/>\n<meta name=\"twitter:card\" content=\"summary_large_image\" \/>\n<meta name=\"twitter:label1\" content=\"Dur\u00e9e de lecture estim\u00e9e\" \/>\n\t<meta name=\"twitter:data1\" content=\"1 minute\" \/>\n<script type=\"application\/ld+json\" class=\"yoast-schema-graph\">{\"@context\":\"https:\\\/\\\/schema.org\",\"@graph\":[{\"@type\":\"WebPage\",\"@id\":\"https:\\\/\\\/cabinetclapeyron.fr\\\/?page_id=356\",\"url\":\"https:\\\/\\\/cabinetclapeyron.fr\\\/?page_id=356\",\"name\":\"Ost\u00e9opathie - Cabinet m\u00e9dical et dentaire 25 rue clapeyron\",\"isPartOf\":{\"@id\":\"https:\\\/\\\/cabinetclapeyron.fr\\\/#website\"},\"datePublished\":\"2024-02-07T11:15:27+00:00\",\"dateModified\":\"2025-05-05T14:57:48+00:00\",\"description\":\"Qu'est ce qu'est l'ost\u00e9opathie, une d\u00e9finition de l'ost\u00e9opathie simple et r\u00e9actualis\u00e9e, pourquoi consulter un ost\u00e9opathe?\",\"inLanguage\":\"fr-FR\",\"potentialAction\":[{\"@type\":\"ReadAction\",\"target\":[\"https:\\\/\\\/cabinetclapeyron.fr\\\/?page_id=356\"]}]},{\"@type\":\"WebSite\",\"@id\":\"https:\\\/\\\/cabinetclapeyron.fr\\\/#website\",\"url\":\"https:\\\/\\\/cabinetclapeyron.fr\\\/\",\"name\":\"Cabinet m\u00e9dical et dentaire 25 rue clapeyron\",\"description\":\"cabinet m\u00e9dical pluridisciplinaire pr\u00e8s des Batignolles\",\"publisher\":{\"@id\":\"https:\\\/\\\/cabinetclapeyron.fr\\\/#organization\"},\"potentialAction\":[{\"@type\":\"SearchAction\",\"target\":{\"@type\":\"EntryPoint\",\"urlTemplate\":\"https:\\\/\\\/cabinetclapeyron.fr\\\/?s={search_term_string}\"},\"query-input\":{\"@type\":\"PropertyValueSpecification\",\"valueRequired\":true,\"valueName\":\"search_term_string\"}}],\"inLanguage\":\"fr-FR\"},{\"@type\":\"Organization\",\"@id\":\"https:\\\/\\\/cabinetclapeyron.fr\\\/#organization\",\"name\":\"Cabinet m\u00e9dical et dentaire 25 rue clapeyron\",\"url\":\"https:\\\/\\\/cabinetclapeyron.fr\\\/\",\"logo\":{\"@type\":\"ImageObject\",\"inLanguage\":\"fr-FR\",\"@id\":\"https:\\\/\\\/cabinetclapeyron.fr\\\/#\\\/schema\\\/logo\\\/image\\\/\",\"url\":\"https:\\\/\\\/cabinetclapeyron.fr\\\/wp-content\\\/uploads\\\/2024\\\/02\\\/test-logo-3-OK.svg\",\"contentUrl\":\"https:\\\/\\\/cabinetclapeyron.fr\\\/wp-content\\\/uploads\\\/2024\\\/02\\\/test-logo-3-OK.svg\",\"width\":1084,\"height\":1084,\"caption\":\"Cabinet m\u00e9dical et dentaire 25 rue clapeyron\"},\"image\":{\"@id\":\"https:\\\/\\\/cabinetclapeyron.fr\\\/#\\\/schema\\\/logo\\\/image\\\/\"}}]}<\/script>\n<!-- \/ Yoast SEO plugin. -->","yoast_head_json":{"title":"Ost\u00e9opathie - Cabinet m\u00e9dical et dentaire 25 rue clapeyron","description":"Qu'est ce qu'est l'ost\u00e9opathie, une d\u00e9finition de l'ost\u00e9opathie simple et r\u00e9actualis\u00e9e, pourquoi consulter un ost\u00e9opathe?","robots":{"index":"index","follow":"follow","max-snippet":"max-snippet:-1","max-image-preview":"max-image-preview:large","max-video-preview":"max-video-preview:-1"},"canonical":"https:\/\/cabinetclapeyron.fr\/?page_id=356","og_locale":"fr_FR","og_type":"article","og_title":"Ost\u00e9opathie - Cabinet m\u00e9dical et dentaire 25 rue clapeyron","og_description":"Qu'est ce qu'est l'ost\u00e9opathie, une d\u00e9finition de l'ost\u00e9opathie simple et r\u00e9actualis\u00e9e, pourquoi consulter un ost\u00e9opathe?","og_url":"https:\/\/cabinetclapeyron.fr\/?page_id=356","og_site_name":"Cabinet m\u00e9dical et dentaire 25 rue clapeyron","article_modified_time":"2025-05-05T14:57:48+00:00","twitter_card":"summary_large_image","twitter_misc":{"Dur\u00e9e de lecture estim\u00e9e":"1 minute"},"schema":{"@context":"https:\/\/schema.org","@graph":[{"@type":"WebPage","@id":"https:\/\/cabinetclapeyron.fr\/?page_id=356","url":"https:\/\/cabinetclapeyron.fr\/?page_id=356","name":"Ost\u00e9opathie - Cabinet m\u00e9dical et dentaire 25 rue clapeyron","isPartOf":{"@id":"https:\/\/cabinetclapeyron.fr\/#website"},"datePublished":"2024-02-07T11:15:27+00:00","dateModified":"2025-05-05T14:57:48+00:00","description":"Qu'est ce qu'est l'ost\u00e9opathie, une d\u00e9finition de l'ost\u00e9opathie simple et r\u00e9actualis\u00e9e, pourquoi consulter un ost\u00e9opathe?","inLanguage":"fr-FR","potentialAction":[{"@type":"ReadAction","target":["https:\/\/cabinetclapeyron.fr\/?page_id=356"]}]},{"@type":"WebSite","@id":"https:\/\/cabinetclapeyron.fr\/#website","url":"https:\/\/cabinetclapeyron.fr\/","name":"Cabinet m\u00e9dical et dentaire 25 rue clapeyron","description":"cabinet m\u00e9dical pluridisciplinaire pr\u00e8s des Batignolles","publisher":{"@id":"https:\/\/cabinetclapeyron.fr\/#organization"},"potentialAction":[{"@type":"SearchAction","target":{"@type":"EntryPoint","urlTemplate":"https:\/\/cabinetclapeyron.fr\/?s={search_term_string}"},"query-input":{"@type":"PropertyValueSpecification","valueRequired":true,"valueName":"search_term_string"}}],"inLanguage":"fr-FR"},{"@type":"Organization","@id":"https:\/\/cabinetclapeyron.fr\/#organization","name":"Cabinet m\u00e9dical et dentaire 25 rue clapeyron","url":"https:\/\/cabinetclapeyron.fr\/","logo":{"@type":"ImageObject","inLanguage":"fr-FR","@id":"https:\/\/cabinetclapeyron.fr\/#\/schema\/logo\/image\/","url":"https:\/\/cabinetclapeyron.fr\/wp-content\/uploads\/2024\/02\/test-logo-3-OK.svg","contentUrl":"https:\/\/cabinetclapeyron.fr\/wp-content\/uploads\/2024\/02\/test-logo-3-OK.svg","width":1084,"height":1084,"caption":"Cabinet m\u00e9dical et dentaire 25 rue clapeyron"},"image":{"@id":"https:\/\/cabinetclapeyron.fr\/#\/schema\/logo\/image\/"}}]}},"_links":{"self":[{"href":"https:\/\/cabinetclapeyron.fr\/index.php?rest_route=\/wp\/v2\/pages\/356","targetHints":{"allow":["GET"]}}],"collection":[{"href":"https:\/\/cabinetclapeyron.fr\/index.php?rest_route=\/wp\/v2\/pages"}],"about":[{"href":"https:\/\/cabinetclapeyron.fr\/index.php?rest_route=\/wp\/v2\/types\/page"}],"author":[{"embeddable":true,"href":"https:\/\/cabinetclapeyron.fr\/index.php?rest_route=\/wp\/v2\/users\/2"}],"replies":[{"embeddable":true,"href":"https:\/\/cabinetclapeyron.fr\/index.php?rest_route=%2Fwp%2Fv2%2Fcomments&post=356"}],"version-history":[{"count":20,"href":"https:\/\/cabinetclapeyron.fr\/index.php?rest_route=\/wp\/v2\/pages\/356\/revisions"}],"predecessor-version":[{"id":1418,"href":"https:\/\/cabinetclapeyron.fr\/index.php?rest_route=\/wp\/v2\/pages\/356\/revisions\/1418"}],"wp:attachment":[{"href":"https:\/\/cabinetclapeyron.fr\/index.php?rest_route=%2Fwp%2Fv2%2Fmedia&parent=356"}],"curies":[{"name":"wp","href":"https:\/\/api.w.org\/{rel}","templated":true}]}}